{"id":1844,"date":"2023-04-14T10:24:28","date_gmt":"2023-04-14T08:24:28","guid":{"rendered":"https:\/\/fontana1928.dev2.sharenow.it\/dienstleistungen\/"},"modified":"2025-08-01T16:24:49","modified_gmt":"2025-08-01T14:24:49","slug":"dienstleistungen","status":"publish","type":"page","link":"https:\/\/fontana1928.it\/de\/dienstleistungen\/","title":{"rendered":"Dienstleistungen"},"content":{"rendered":"<p>[et_pb_section fb_built=&#8220;1&#8243; admin_label=&#8220;Hero Section&#8220; _builder_version=&#8220;4.24.0&#8243; custom_padding=&#8220;0|0px|0px|0px&#8220; global_colors_info=&#8220;{}&#8220;][et_pb_row column_structure=&#8220;1_2,1_2&#8243; make_equal=&#8220;on&#8220; _builder_version=&#8220;4.27.4&#8243; width=&#8220;100%&#8220; max_width=&#8220;100%&#8220; custom_padding=&#8220;0px|0|0px|&#8220; use_custom_width=&#8220;on&#8220; width_unit=&#8220;off&#8220; custom_width_percent=&#8220;100%&#8220; locked=&#8220;off&#8220; global_colors_info=&#8220;{}&#8220;][et_pb_column type=&#8220;1_2&#8243; _builder_version=&#8220;4.16&#8243; custom_padding=&#8220;200px|8%|260px|8%&#8220; custom_padding_tablet=&#8220;80px|10%|80px|10%&#8220; custom_padding_phone=&#8220;80px|10%|80px|10%&#8220; custom_padding_last_edited=&#8220;on|tablet&#8220; global_colors_info=&#8220;{}&#8220; padding_tablet=&#8220;80px|10%|80px|10%&#8220; padding_last_edited=&#8220;on|tablet&#8220; custom_padding__hover=&#8220;|||&#8220; padding_phone=&#8220;80px|10%|80px|10%&#8220;][et_pb_text _builder_version=&#8220;4.27.4&#8243; text_font=&#8220;|600||on|||||&#8220; text_text_color=&#8220;#c2ab92&#8243; text_font_size=&#8220;17px&#8220; link_font=&#8220;|600|||||||&#8220; link_text_color=&#8220;#c2ab92&#8243; header_font=&#8220;|600|||||||&#8220; header_text_color=&#8220;#d8b571&#8243; header_3_font=&#8220;|700||on|||||&#8220; header_3_text_color=&#8220;#c2ab92&#8243; header_3_font_size=&#8220;16px&#8220; header_3_letter_spacing=&#8220;1px&#8220; background_layout=&#8220;dark&#8220; max_width=&#8220;600px&#8220; module_alignment=&#8220;left&#8220; custom_margin=&#8220;||20px|&#8220; locked=&#8220;off&#8220; global_colors_info=&#8220;{}&#8220;]<\/p>\n<p><span style=\"color: #c2ab92;\"><nav aria-label=\"breadcrumbs\" class=\"rank-math-breadcrumb\"><p><span class=\"last\">Home<\/span><\/p><\/nav><\/span><\/p>\n<p>[\/et_pb_text][et_pb_text _builder_version=&#8220;4.27.4&#8243; text_font=&#8220;||||||||&#8220; text_line_height=&#8220;1.8em&#8220; header_font=&#8220;Abel|700||on|||||&#8220; header_text_color=&#8220;#C5AD94&#8243; header_font_size=&#8220;20px&#8220; header_letter_spacing=&#8220;2px&#8220; header_line_height=&#8220;1.3em&#8220; header_2_font=&#8220;|||on|||||&#8220; header_2_text_color=&#8220;#000000&#8243; header_2_font_size=&#8220;50px&#8220; header_2_line_height=&#8220;1.3em&#8220; header_3_font=&#8220;||||||||&#8220; max_width=&#8220;600px&#8220; custom_margin=&#8220;||13px|||&#8220; header_font_size_tablet=&#8220;40px&#8220; header_font_size_phone=&#8220;18px&#8220; header_font_size_last_edited=&#8220;on|tablet&#8220; header_2_font_size_tablet=&#8220;40px&#8220; header_2_font_size_phone=&#8220;35px&#8220; header_2_font_size_last_edited=&#8220;on|desktop&#8220; locked=&#8220;off&#8220; global_colors_info=&#8220;{}&#8220;]<\/p>\n<h1>Beratung f\u00fcr Innenarchitektur<\/h1>\n<p>[\/et_pb_text][et_pb_text _builder_version=&#8220;4.27.4&#8243; text_font=&#8220;||||||||&#8220; text_font_size=&#8220;20px&#8220; text_line_height=&#8220;1.8em&#8220; ul_font=&#8220;|600|||||||&#8220; ul_font_size=&#8220;20px&#8220; ul_line_height=&#8220;1.8em&#8220; header_font=&#8220;|||on|||||&#8220; header_text_color=&#8220;#40BFB9&#8243; header_font_size=&#8220;18px&#8220; header_line_height=&#8220;1.4em&#8220; header_2_font=&#8220;|||on|||||&#8220; header_2_text_color=&#8220;#000000&#8243; header_2_font_size=&#8220;50px&#8220; header_2_line_height=&#8220;1.3em&#8220; header_3_font=&#8220;||||||||&#8220; max_width=&#8220;600px&#8220; custom_padding=&#8220;0px|||||&#8220; header_font_size_tablet=&#8220;40px&#8220; header_font_size_phone=&#8220;18px&#8220; header_font_size_last_edited=&#8220;on|tablet&#8220; header_2_font_size_tablet=&#8220;40px&#8220; header_2_font_size_phone=&#8220;35px&#8220; header_2_font_size_last_edited=&#8220;on|desktop&#8220; locked=&#8220;off&#8220; global_colors_info=&#8220;{}&#8220;]<\/p>\n<h2><span style=\"color: #c5ad94;\">Dienstleistungen<\/span>f\u00fcr <span style=\"color: #c5ad94;\">Mitarbeiter<\/span>und <span style=\"color: #c5ad94;\">Kunden<\/span>, die das <span style=\"color: #c5ad94;\">Beste<\/span>verlangen<\/h2>\n<p>FONTANA Milano 1928 ist Teil der <a href=\"https:\/\/www.gruppovalagussa.com\/\" target=\"_blank\" rel=\"noopener\"><strong>Valagussa Gruppe<\/strong><\/a> und entwickelt eine <strong>ma\u00dfgeschneiderte<\/strong> <strong>Innenarchitekturberatung<\/strong>, die verschiedene <strong>hochwertige Dienstleistungen<\/strong> anbietet:<\/p>\n<ul>\n<li>Architektonischer Entwurf<\/li>\n<li>K\u00fcnstlerische Leitung<\/li>\n<li>Beratung und Stilb\u00fcro<\/li>\n<li>Projektkonzept und Ausf\u00fchrungsplanung<\/li>\n<li>Design und Lieferung von M\u00f6beln nach Ma\u00df<\/li>\n<li>Budgetkontrolle<\/li>\n<li>Baumanagement<\/li>\n<\/ul>\n<p>[\/et_pb_text][et_pb_button button_url=&#8220;https:\/\/fontana1928.it\/de\/kontakt\/&#8220; button_text=&#8220;Anruf f\u00fcr Infos&#8220; _builder_version=&#8220;4.27.4&#8243; custom_button=&#8220;on&#8220; button_text_size=&#8220;13px&#8220; button_text_color=&#8220;#ffffff&#8220; button_bg_color=&#8220;#000000&#8243; button_border_width=&#8220;2px&#8220; button_border_color=&#8220;#C5AD94&#8243; button_border_radius=&#8220;0px&#8220; button_letter_spacing=&#8220;2px&#8220; button_font=&#8220;|700||on|||||&#8220; background_layout=&#8220;dark&#8220; custom_padding=&#8220;10px||10px|&#8220; button_letter_spacing_hover=&#8220;2px&#8220; locked=&#8220;off&#8220; global_colors_info=&#8220;{}&#8220; button_text_size__hover_enabled=&#8220;off&#8220; button_one_text_size__hover_enabled=&#8220;off&#8220; button_two_text_size__hover_enabled=&#8220;off&#8220; button_text_color__hover_enabled=&#8220;off&#8220; button_one_text_color__hover_enabled=&#8220;off&#8220; button_two_text_color__hover_enabled=&#8220;off&#8220; button_border_width__hover_enabled=&#8220;off&#8220; button_one_border_width__hover_enabled=&#8220;off&#8220; button_two_border_width__hover_enabled=&#8220;off&#8220; button_border_color__hover_enabled=&#8220;off&#8220; button_one_border_color__hover_enabled=&#8220;off&#8220; button_two_border_color__hover_enabled=&#8220;off&#8220; button_border_radius__hover_enabled=&#8220;off&#8220; button_one_border_radius__hover_enabled=&#8220;off&#8220; button_two_border_radius__hover_enabled=&#8220;off&#8220; button_letter_spacing__hover_enabled=&#8220;on&#8220; button_letter_spacing__hover=&#8220;2px&#8220; button_one_letter_spacing__hover_enabled=&#8220;off&#8220; button_two_letter_spacing__hover_enabled=&#8220;off&#8220; button_bg_color__hover_enabled=&#8220;off&#8220; button_one_bg_color__hover_enabled=&#8220;off&#8220; button_two_bg_color__hover_enabled=&#8220;off&#8220;][\/et_pb_button][\/et_pb_column][et_pb_column type=&#8220;1_2&#8243; _builder_version=&#8220;4.27.4&#8243; background_color=&#8220;#000000&#8243; background_image=&#8220;https:\/\/fontana1928.it\/wp-content\/uploads\/2025\/01\/Consulenza-di-interior-design-Servizi-Fontana-Milano-1929.png&#8220; background_position=&#8220;center_left&#8220; custom_padding=&#8220;200px||260px|8%&#8220; custom_padding_tablet=&#8220;80px|10%|80px|10%&#8220; custom_padding_phone=&#8220;80px|10%|80px|10%&#8220; custom_padding_last_edited=&#8220;on|desktop&#8220; global_colors_info=&#8220;{}&#8220; padding_tablet=&#8220;80px|10%|80px|10%&#8220; padding_last_edited=&#8220;on|desktop&#8220; custom_padding__hover=&#8220;|||&#8220; padding_phone=&#8220;80px|10%|80px|10%&#8220;][et_pb_divider show_divider=&#8220;off&#8220; _builder_version=&#8220;4.16&#8243; height=&#8220;100px&#8220; global_colors_info=&#8220;{}&#8220;][\/et_pb_divider][\/et_pb_column][\/et_pb_row][\/et_pb_section][et_pb_section fb_built=&#8220;1&#8243; disabled_on=&#8220;off|off|off&#8220; admin_label=&#8220;Services&#8220; _builder_version=&#8220;4.21.0&#8243; background_color=&#8220;#FFFFFF&#8220; custom_padding=&#8220;100px|0px|100px|0px|true|&#8220; global_colors_info=&#8220;{}&#8220;][et_pb_row _builder_version=&#8220;4.27.4&#8243; module_alignment=&#8220;center&#8220; custom_margin=&#8220;||||false|false&#8220; custom_padding=&#8220;||||false|false&#8220; border_color_all=&#8220;#1a1a1a&#8220; global_colors_info=&#8220;{}&#8220;][et_pb_column type=&#8220;4_4&#8243; _builder_version=&#8220;4.16&#8243; custom_padding=&#8220;|||&#8220; global_colors_info=&#8220;{}&#8220; custom_padding__hover=&#8220;|||&#8220;][et_pb_heading title=&#8220;Artikulierte Beratung f\u00fcr Innenarchitektur auf hohem Niveau&#8220; _builder_version=&#8220;4.27.4&#8243; _module_preset=&#8220;default&#8220; title_level=&#8220;h2&#8243; title_font=&#8220;|||on|||||&#8220; title_text_align=&#8220;center&#8220; title_text_color=&#8220;#000000&#8243; title_font_size=&#8220;50px&#8220; title_line_height=&#8220;1.3em&#8220; title_font_size_last_edited=&#8220;off|phone&#8220; global_colors_info=&#8220;{}&#8220;][\/et_pb_heading][et_pb_blurb use_icon=&#8220;on&#8220; icon_placement=&#8220;left&#8220; image_icon_width=&#8220;76px&#8220; content_max_width=&#8220;100%&#8220; _builder_version=&#8220;4.27.4&#8243; header_level=&#8220;h2&#8243; header_font=&#8220;|||on|||||&#8220; header_text_align=&#8220;center&#8220; header_text_color=&#8220;#000000&#8243; header_font_size=&#8220;50px&#8220; body_font=&#8220;||||||||&#8220; body_text_color=&#8220;#000000&#8243; body_font_size=&#8220;20px&#8220; body_line_height=&#8220;1.8em&#8220; text_orientation=&#8220;center&#8220; background_layout=&#8220;dark&#8220; custom_margin=&#8220;||||false|false&#8220; animation=&#8220;off&#8220; image_max_width=&#8220;76px&#8220; global_colors_info=&#8220;{}&#8220;]<\/p>\n<p>F\u00fcr FONTANA Milano 1928 bedeutet Einrichtungsberatung nicht nur, <strong>Probleme zu l\u00f6sen und Orientierungshilfe<\/strong> zu geben, sondern auch <strong>kreative, funktionelle und dauerhafte stilistische L\u00f6sungen<\/strong> vorzuschlagen, die die <strong>Pers\u00f6nlichkeit derjenigen<\/strong> widerspiegeln <strong>, die die R\u00e4ume bewohnen und bewohnen sollen<\/strong>. Aus diesem Grund sind unsere Beratungsleistungen so konzipiert, dass sie auch den anspruchsvollsten Bed\u00fcrfnissen gerecht werden und sich in jede Struktur und jeden Plan einf\u00fcgen. <\/p>\n<p>[\/et_pb_blurb][\/et_pb_column][\/et_pb_row][et_pb_row column_structure=&#8220;1_2,1_2&#8243; _builder_version=&#8220;4.27.4&#8243; max_width=&#8220;2560px&#8220; custom_margin=&#8220;|||&#8220; custom_padding=&#8220;|||&#8220; animation_style=&#8220;slide&#8220; animation_direction=&#8220;bottom&#8220; animation_intensity_slide=&#8220;6%&#8220; global_colors_info=&#8220;{}&#8220;][et_pb_column type=&#8220;1_2&#8243; _builder_version=&#8220;4.27.4&#8243; custom_padding=&#8220;|||&#8220; global_colors_info=&#8220;{}&#8220; custom_padding__hover=&#8220;|||&#8220;][et_pb_blurb title=&#8220;architektonisches Design&#8220; image=&#8220;https:\/\/fontana1928.it\/wp-content\/uploads\/2025\/01\/consulenza-di-interior-design-progettazione-architettonica.png&#8220; alt=&#8220;Beratung f\u00fcr Innenarchitektur &#8211; Architektonische Gestaltung &#8211; FONTANA Milano 1928&#8243; icon_placement=&#8220;left&#8220; image_icon_width=&#8220;100px&#8220; content_max_width=&#8220;100%&#8220; _builder_version=&#8220;4.27.4&#8243; header_level=&#8220;h3&#8243; header_font=&#8220;|||on|||||&#8220; header_text_color=&#8220;#000000&#8243; header_font_size=&#8220;32px&#8220; header_line_height=&#8220;1.3em&#8220; body_font=&#8220;||||||||&#8220; body_text_color=&#8220;#000000&#8243; body_font_size=&#8220;18px&#8220; body_line_height=&#8220;1.8em&#8220; background_layout=&#8220;dark&#8220; custom_margin=&#8220;60px|||&#8220; animation=&#8220;off&#8220; header_font_size_tablet=&#8220;32px&#8220; header_font_size_phone=&#8220;25px&#8220; header_font_size_last_edited=&#8220;on|phone&#8220; image_max_width=&#8220;76px&#8220; global_colors_info=&#8220;{}&#8220;]<\/p>\n<p>R\u00e4ume k\u00f6nnen bereits in der Entstehungsphase der Architektur untersucht werden, mit &#8222;ma\u00dfgeschneiderten&#8220; Konzepten, die von der Analyse der Volumina und Fl\u00fcsse ausgehen, um Vorschl\u00e4ge zu entwickeln, die Nachhaltigkeit, Funktionalit\u00e4t und \u00c4sthetik optimal miteinander verbinden. Diese Phase, auch wenn es sich nur um einige wenige R\u00e4ume handelt, ist von grundlegender Bedeutung, um eine solide Grundlage f\u00fcr alle nachfolgenden Designentscheidungen zu schaffen. <\/p>\n<p>[\/et_pb_blurb][\/et_pb_column][et_pb_column type=&#8220;1_2&#8243; _builder_version=&#8220;4.16&#8243; custom_padding=&#8220;|||&#8220; global_colors_info=&#8220;{}&#8220; custom_padding__hover=&#8220;|||&#8220;][et_pb_blurb title=&#8220;K\u00fcnstlerische Leitung&#8220; image=&#8220;https:\/\/fontana1928.it\/wp-content\/uploads\/2025\/01\/consulenza-di-interior-design-direzione-artistica.png&#8220; icon_placement=&#8220;left&#8220; image_icon_width=&#8220;100px&#8220; content_max_width=&#8220;100%&#8220; _builder_version=&#8220;4.27.4&#8243; header_level=&#8220;h3&#8243; header_font=&#8220;|||on|||||&#8220; header_text_color=&#8220;#000000&#8243; header_font_size=&#8220;32px&#8220; header_line_height=&#8220;1.3em&#8220; body_font=&#8220;||||||||&#8220; body_text_color=&#8220;#000000&#8243; body_font_size=&#8220;18px&#8220; body_line_height=&#8220;1.8em&#8220; background_layout=&#8220;dark&#8220; custom_margin=&#8220;60px|||&#8220; animation=&#8220;off&#8220; header_font_size_tablet=&#8220;32px&#8220; header_font_size_phone=&#8220;25px&#8220; header_font_size_last_edited=&#8220;on|phone&#8220; image_max_width=&#8220;76px&#8220; global_colors_info=&#8220;{}&#8220;]<\/p>\n<p>Die k\u00fcnstlerische Leitung ist der &#8222;rote Faden&#8220;, der jeden Aspekt unseres Designs verbindet. Sie sorgt f\u00fcr die stilistische Koh\u00e4renz und die Pers\u00f6nlichkeit jedes Raums, w\u00e4hrend sie gleichzeitig die Harmonie mit den benachbarten R\u00e4umen aufrechterh\u00e4lt. Wir erstellen Richtlinien, Moodboards, Farbpaletten und Layouts und arbeiten w\u00e4hrend des gesamten kreativen Prozesses und der Umsetzung mit dem Kunden zusammen. Unsere Gesamtvision und unser integrierter Ansatz erm\u00f6glichen es uns, organische Projekte zu verwirklichen, bei denen jede Komponente in v\u00f6lliger Harmonie mit dem Ganzen dialogisiert.  <\/p>\n<p>[\/et_pb_blurb][\/et_pb_column][\/et_pb_row][et_pb_row column_structure=&#8220;1_2,1_2&#8243; _builder_version=&#8220;4.27.4&#8243; max_width=&#8220;2560px&#8220; custom_margin=&#8220;|||&#8220; custom_padding=&#8220;|||&#8220; animation_style=&#8220;slide&#8220; animation_direction=&#8220;bottom&#8220; animation_intensity_slide=&#8220;6%&#8220; global_colors_info=&#8220;{}&#8220;][et_pb_column type=&#8220;1_2&#8243; _builder_version=&#8220;4.16&#8243; custom_padding=&#8220;|||&#8220; global_colors_info=&#8220;{}&#8220; custom_padding__hover=&#8220;|||&#8220;][et_pb_blurb title=&#8220;BERATUNG UND STILB\u00dcRO&#8220; image=&#8220;https:\/\/fontana1928.it\/wp-content\/uploads\/2025\/01\/consulenza-di-interior-design-ufficio-stile.png&#8220; icon_placement=&#8220;left&#8220; image_icon_width=&#8220;100px&#8220; content_max_width=&#8220;100%&#8220; _builder_version=&#8220;4.27.4&#8243; header_level=&#8220;h3&#8243; header_font=&#8220;|||on|||||&#8220; header_text_color=&#8220;#000000&#8243; header_font_size=&#8220;32px&#8220; body_font=&#8220;||||||||&#8220; body_text_color=&#8220;#000000&#8243; body_font_size=&#8220;18px&#8220; body_line_height=&#8220;1.8em&#8220; background_layout=&#8220;dark&#8220; custom_margin=&#8220;60px|||&#8220; animation=&#8220;off&#8220; header_font_size_tablet=&#8220;32px&#8220; header_font_size_phone=&#8220;25px&#8220; header_font_size_last_edited=&#8220;on|phone&#8220; image_max_width=&#8220;76px&#8220; global_colors_info=&#8220;{}&#8220;]<\/p>\n<p>Unser Beratungs- und Stilb\u00fcroservice unterst\u00fctzt Kunden, die eine pers\u00f6nliche Beratung \u00fcber neue Trends, die besten Lieferanten und die Koordination der verschiedenen Handwerker w\u00fcnschen. Unsere qualifizierten Architekten, Designer und Handwerker arbeiten zusammen, um die W\u00fcnsche des Kunden in konkrete, originelle und \u00e4sthetisch ansprechende L\u00f6sungen umzusetzen. Diese Beratung garantiert avantgardistische Vorschl\u00e4ge, die Wahl der am besten geeigneten Marken und die \u00dcberwachung der Produktionsphasen, um Homogenit\u00e4t und Designkonsistenz zu gew\u00e4hrleisten.  <\/p>\n<p>[\/et_pb_blurb][\/et_pb_column][et_pb_column type=&#8220;1_2&#8243; _builder_version=&#8220;4.16&#8243; custom_padding=&#8220;|||&#8220; global_colors_info=&#8220;{}&#8220; custom_padding__hover=&#8220;|||&#8220;][et_pb_blurb title=&#8220;Projektkonzept und Ausf\u00fchrungsplanung&#8220; image=&#8220;https:\/\/fontana1928.it\/wp-content\/uploads\/2025\/01\/consulenza-di-interior-design-progettazione-di-interni.png&#8220; icon_placement=&#8220;left&#8220; image_icon_width=&#8220;100px&#8220; content_max_width=&#8220;100%&#8220; _builder_version=&#8220;4.27.4&#8243; header_level=&#8220;h3&#8243; header_font=&#8220;|||on|||||&#8220; header_text_color=&#8220;#000000&#8243; header_font_size=&#8220;32px&#8220; body_font=&#8220;||||||||&#8220; body_text_color=&#8220;#000000&#8243; body_font_size=&#8220;18px&#8220; body_line_height=&#8220;1.8em&#8220; background_layout=&#8220;dark&#8220; custom_margin=&#8220;60px|||&#8220; animation=&#8220;off&#8220; header_font_size_tablet=&#8220;32px&#8220; header_font_size_phone=&#8220;25px&#8220; header_font_size_last_edited=&#8220;on|phone&#8220; image_max_width=&#8220;76px&#8220; global_colors_info=&#8220;{}&#8220;]<\/p>\n<p>Innenarchitekturberatung bedeutet in der Praxis ein genaues &#8218;Entwurfsprojekt&#8216;, gefolgt von einer tadellosen Detailausf\u00fchrung. Im Rahmen des Projekts werden die Gesamtma\u00dfe, Layouts und Funktionen analysiert, um dem Kunden eine klare und gemeinsame Gesamtvision zu vermitteln. Anschlie\u00dfend werden alle technischen Zeichnungen und Ausf\u00fchrungszeichnungen entwickelt, die f\u00fcr eine perfekte Umsetzung erforderlich sind: von Elektro- und Sanit\u00e4rpl\u00e4nen bis hin zu Tischlerzeichnungen und Ausf\u00fchrungsspezifikationen.  <\/p>\n<p>[\/et_pb_blurb][\/et_pb_column][\/et_pb_row][et_pb_row column_structure=&#8220;1_2,1_2&#8243; _builder_version=&#8220;4.24.0&#8243; max_width=&#8220;2560px&#8220; custom_margin=&#8220;|||&#8220; custom_padding=&#8220;|||&#8220; animation_style=&#8220;slide&#8220; animation_direction=&#8220;bottom&#8220; animation_intensity_slide=&#8220;6%&#8220; global_colors_info=&#8220;{}&#8220;][et_pb_column type=&#8220;1_2&#8243; _builder_version=&#8220;4.16&#8243; custom_padding=&#8220;|||&#8220; global_colors_info=&#8220;{}&#8220; custom_padding__hover=&#8220;|||&#8220;][et_pb_blurb title=&#8220;Design und Lieferung von M\u00f6beln nach Ma\u00df&#8220; image=&#8220;https:\/\/fontana1928.it\/wp-content\/uploads\/2025\/01\/consulenza-di-interior-design-arredi-custom.png&#8220; icon_placement=&#8220;left&#8220; image_icon_width=&#8220;100px&#8220; content_max_width=&#8220;100%&#8220; _builder_version=&#8220;4.27.4&#8243; header_level=&#8220;h3&#8243; header_font=&#8220;|||on|||||&#8220; header_text_color=&#8220;#000000&#8243; header_font_size=&#8220;32px&#8220; body_font=&#8220;||||||||&#8220; body_text_color=&#8220;#000000&#8243; body_font_size=&#8220;18px&#8220; body_line_height=&#8220;1.8em&#8220; background_layout=&#8220;dark&#8220; custom_margin=&#8220;60px|||&#8220; animation=&#8220;off&#8220; hover_enabled=&#8220;0&#8243; header_font_size_tablet=&#8220;32px&#8220; header_font_size_phone=&#8220;25px&#8220; header_font_size_last_edited=&#8220;on|phone&#8220; image_max_width=&#8220;76px&#8220; global_colors_info=&#8220;{}&#8220; sticky_enabled=&#8220;0&#8243;]<\/p>\n<p>Das Design und die Lieferung von ma\u00dfgefertigten M\u00f6beln ist eines unserer Aush\u00e4ngeschilder. Gemeinsam mit unseren Mitarbeitern entwickeln wir M\u00f6bel und Einrichtungsaccessoires, die den Anforderungen jedes einzelnen Projekts auf ma\u00dfgeschneiderte Weise gerecht werden: von handgefertigten Einzelst\u00fccken bis hin zu hochwertigen modularen Erg\u00e4nzungen, die sich perfekt in bestehende Interieurs einf\u00fcgen. In dieser Phase wird der Wahl der Materialien &#8211; wie Leder, Stahl, Messing oder Kunstglas &#8211; und der Produktionstechniken gro\u00dfe Aufmerksamkeit gewidmet, wobei stets ein Gleichgewicht zwischen \u00e4sthetischer Raffinesse und praktischem Nutzen angestrebt wird.  <\/p>\n<p>[\/et_pb_blurb][\/et_pb_column][et_pb_column type=&#8220;1_2&#8243; _builder_version=&#8220;4.16&#8243; custom_padding=&#8220;|||&#8220; global_colors_info=&#8220;{}&#8220; custom_padding__hover=&#8220;|||&#8220;][et_pb_blurb title=&#8220;Budgetkontrolle&#8220; image=&#8220;https:\/\/fontana1928.it\/wp-content\/uploads\/2025\/01\/consulenza-di-interior-design-budget.png&#8220; icon_placement=&#8220;left&#8220; image_icon_width=&#8220;100px&#8220; content_max_width=&#8220;100%&#8220; _builder_version=&#8220;4.27.4&#8243; header_level=&#8220;h3&#8243; header_font=&#8220;|||on|||||&#8220; header_text_color=&#8220;#000000&#8243; header_font_size=&#8220;32px&#8220; body_font=&#8220;||||||||&#8220; body_text_color=&#8220;#000000&#8243; body_font_size=&#8220;18px&#8220; body_line_height=&#8220;1.8em&#8220; background_layout=&#8220;dark&#8220; custom_margin=&#8220;60px|||&#8220; animation=&#8220;off&#8220; header_font_size_tablet=&#8220;32px&#8220; header_font_size_phone=&#8220;25px&#8220; header_font_size_last_edited=&#8220;on|phone&#8220; image_max_width=&#8220;76px&#8220; global_colors_info=&#8220;{}&#8220;]<\/p>\n<p>Die Budgetkontrolle w\u00e4hrend des Realisierungsprozesses ist ein grundlegender Aspekt unserer Arbeit. Von Anfang an entwickeln wir gemeinsam mit dem Kunden einen realistischen Kosten- und Zeitplan, wobei wir nie vergessen, dass das Ziel in jedem Fall darin besteht, R\u00e4ume von gro\u00dfem \u00e4sthetischen Wert zu realisieren, die immer wirtschaftlich tragbar bleiben. Wir \u00fcberwachen den Fortschritt der Ausgaben und schlagen bei Bedarf alternative L\u00f6sungen vor, die die Funktionalit\u00e4t und Qualit\u00e4t erhalten. Diese Aufmerksamkeit erm\u00f6glicht es uns, unvorhergesehene Ereignisse zu minimieren und eine gezielte und sichere Investition zu garantieren.   <\/p>\n<p>[\/et_pb_blurb][\/et_pb_column][\/et_pb_row][\/et_pb_section]<\/p>\n","protected":false},"excerpt":{"rendered":"<p><nav aria-label=\"breadcrumbs\" class=\"rank-math-breadcrumb\"><p><span class=\"last\">Home<\/span><\/p><\/nav>Beratung f\u00fcr InnenarchitekturDienstleistungenf\u00fcr Mitarbeiterund Kunden, die das Besteverlangen FONTANA Milano 1928 ist Teil der Valagussa Gruppe und entwickelt eine ma\u00dfgeschneiderte Innenarchitekturberatung, die verschiedene hochwertige Dienstleistungen anbietet: Architektonischer Entwurf K\u00fcnstlerische Leitung Beratung und Stilb\u00fcro Projektkonzept und Ausf\u00fchrungsplanung Design und Lieferung von M\u00f6beln nach Ma\u00df Budgetkontrolle Baumanagement F\u00fcr FONTANA Milano 1928 bedeutet Einrichtungsberatung nicht nur, Probleme zu [&hellip;]<\/p>\n","protected":false},"author":3,"featured_media":1716,"parent":0,"menu_order":0,"comment_status":"closed","ping_status":"closed","template":"","meta":{"_et_pb_use_builder":"on","_et_pb_old_content":"","_et_gb_content_width":"","footnotes":""},"class_list":["post-1844","page","type-page","status-publish","has-post-thumbnail","hentry"],"_links":{"self":[{"href":"https:\/\/fontana1928.it\/de\/wp-json\/wp\/v2\/pages\/1844","targetHints":{"allow":["GET"]}}],"collection":[{"href":"https:\/\/fontana1928.it\/de\/wp-json\/wp\/v2\/pages"}],"about":[{"href":"https:\/\/fontana1928.it\/de\/wp-json\/wp\/v2\/types\/page"}],"author":[{"embeddable":true,"href":"https:\/\/fontana1928.it\/de\/wp-json\/wp\/v2\/users\/3"}],"replies":[{"embeddable":true,"href":"https:\/\/fontana1928.it\/de\/wp-json\/wp\/v2\/comments?post=1844"}],"version-history":[{"count":5,"href":"https:\/\/fontana1928.it\/de\/wp-json\/wp\/v2\/pages\/1844\/revisions"}],"predecessor-version":[{"id":2093,"href":"https:\/\/fontana1928.it\/de\/wp-json\/wp\/v2\/pages\/1844\/revisions\/2093"}],"wp:featuredmedia":[{"embeddable":true,"href":"https:\/\/fontana1928.it\/de\/wp-json\/wp\/v2\/media\/1716"}],"wp:attachment":[{"href":"https:\/\/fontana1928.it\/de\/wp-json\/wp\/v2\/media?parent=1844"}],"curies":[{"name":"wp","href":"https:\/\/api.w.org\/{rel}","templated":true}]}}