{"id":1838,"date":"2024-11-15T16:53:14","date_gmt":"2024-11-15T15:53:14","guid":{"rendered":"https:\/\/fontana1928.dev2.sharenow.it\/geschichte\/"},"modified":"2025-08-01T16:25:17","modified_gmt":"2025-08-01T14:25:17","slug":"geschichte","status":"publish","type":"page","link":"https:\/\/fontana1928.it\/de\/geschichte\/","title":{"rendered":"Geschichte"},"content":{"rendered":"<p>[et_pb_section fb_built=&#8220;1&#8243; admin_label=&#8220;Hero Section&#8220; _builder_version=&#8220;4.27.4&#8243; custom_padding=&#8220;0|0px|0px|0px&#8220; global_colors_info=&#8220;{}&#8220;][et_pb_row column_structure=&#8220;1_2,1_2&#8243; use_custom_gutter=&#8220;on&#8220; make_equal=&#8220;on&#8220; _builder_version=&#8220;4.27.4&#8243; width=&#8220;100%&#8220; max_width=&#8220;100%&#8220; custom_padding=&#8220;0px|0|0px|&#8220; use_custom_width=&#8220;on&#8220; width_unit=&#8220;off&#8220; custom_width_percent=&#8220;100%&#8220; global_colors_info=&#8220;{}&#8220;][et_pb_column type=&#8220;1_2&#8243; _builder_version=&#8220;4.16&#8243; custom_padding=&#8220;200px|4%|200px|8%&#8220; custom_padding_tablet=&#8220;60px|10%|60px|10%&#8220; custom_padding_phone=&#8220;60px|10%|60px|10%&#8220; custom_padding_last_edited=&#8220;on|tablet&#8220; global_colors_info=&#8220;{}&#8220; padding_tablet=&#8220;60px|10%|60px|10%&#8220; padding_last_edited=&#8220;on|tablet&#8220; custom_padding__hover=&#8220;|||&#8220; padding_phone=&#8220;60px|10%|60px|10%&#8220;][et_pb_text _builder_version=&#8220;4.24.0&#8243; text_font=&#8220;|600||on|||||&#8220; text_text_color=&#8220;#c2ab92&#8243; text_font_size=&#8220;17px&#8220; link_font=&#8220;|600|||||||&#8220; link_text_color=&#8220;#c2ab92&#8243; header_font=&#8220;|600|||||||&#8220; header_text_color=&#8220;#d8b571&#8243; header_3_font=&#8220;|700||on|||||&#8220; header_3_text_color=&#8220;#c2ab92&#8243; header_3_font_size=&#8220;16px&#8220; header_3_letter_spacing=&#8220;1px&#8220; background_layout=&#8220;dark&#8220; max_width=&#8220;600px&#8220; module_alignment=&#8220;left&#8220; custom_margin=&#8220;||20px|&#8220; locked=&#8220;off&#8220; global_colors_info=&#8220;{}&#8220;]<\/p>\n<p><span style=\"color: #c2ab92;\"><nav aria-label=\"breadcrumbs\" class=\"rank-math-breadcrumb\"><p><span class=\"last\">Home<\/span><\/p><\/nav><\/span><\/p>\n<p>[\/et_pb_text][et_pb_text _builder_version=&#8220;4.27.4&#8243; text_font=&#8220;||||||||&#8220; text_line_height=&#8220;1.8em&#8220; header_font=&#8220;Abel|700||on|||||&#8220; header_text_color=&#8220;#C5AD94&#8243; header_font_size=&#8220;20px&#8220; header_letter_spacing=&#8220;2px&#8220; header_line_height=&#8220;1.3em&#8220; header_2_font=&#8220;|||on|||||&#8220; header_2_text_color=&#8220;#000000&#8243; header_2_font_size=&#8220;50px&#8220; header_2_line_height=&#8220;1.3em&#8220; header_3_font=&#8220;||||||||&#8220; max_width=&#8220;600px&#8220; custom_margin=&#8220;||13px|||&#8220; header_font_size_tablet=&#8220;40px&#8220; header_font_size_phone=&#8220;18px&#8220; header_font_size_last_edited=&#8220;on|tablet&#8220; header_2_font_size_tablet=&#8220;40px&#8220; header_2_font_size_phone=&#8220;35px&#8220; header_2_font_size_last_edited=&#8220;on|desktop&#8220; locked=&#8220;off&#8220; global_colors_info=&#8220;{}&#8220;]<\/p>\n<h1>Von der Haute Couture zur luxuri\u00f6sen Inneneinrichtung<\/h1>\n<p>[\/et_pb_text][et_pb_text _builder_version=&#8220;4.27.4&#8243; text_font=&#8220;||||||||&#8220; text_font_size=&#8220;20px&#8220; text_line_height=&#8220;1.8em&#8220; header_font=&#8220;|||on|||||&#8220; header_text_color=&#8220;#000000&#8243; header_font_size=&#8220;50px&#8220; header_line_height=&#8220;1.3em&#8220; header_2_font=&#8220;|||on|||||&#8220; header_2_text_color=&#8220;#000000&#8243; header_2_font_size=&#8220;50px&#8220; header_2_line_height=&#8220;1.3em&#8220; header_3_font=&#8220;|600|||||||&#8220; header_3_text_color=&#8220;#40BFB9&#8243; max_width=&#8220;600px&#8220; header_font_tablet=&#8220;|||on|||||&#8220; header_font_phone=&#8220;|||on|||||&#8220; header_font_last_edited=&#8220;on|phone&#8220; header_font_size_tablet=&#8220;40px&#8220; header_font_size_phone=&#8220;35px&#8220; header_font_size_last_edited=&#8220;on|phone&#8220; locked=&#8220;off&#8220; global_colors_info=&#8220;{}&#8220;]<\/p>\n<h2><span style=\"color: #000000;\">Eine <span style=\"color: #c5ad94;\">Geschichte<\/span><\/span>von <span style=\"color: #c5ad94;\">Handwerkskunst<\/span>, <span style=\"color: #c5ad94;\">Geschmack<\/span>und <span style=\"color: #c5ad94;\">Wagemut<\/span><\/h2>\n<p>Die Marke <strong><em>Fontana Couture<\/em><\/strong><em><strong> <\/strong><\/em>wurde im Jahr 1928 von <strong>Giovanni Fontana <\/strong>in Mailand gegr\u00fcndet <strong>. <\/strong>Urspr\u00fcnglich eine Strickwarenwerkstatt, etablierte sie sich im Laufe der Zeit unter der Leitung von Giovannis Sohn <strong>Roberto Fontana<\/strong> und der kreativen F\u00fchrung seiner Frau <strong>Alessandra<\/strong> als Sinnbild f\u00fcr den Geschmack und die Raffinesse der italienischen Mode auf internationaler Ebene. Viele Prominente und Premi\u00e8re-Damen haben im Laufe der Jahre die Kreationen von Fontana getragen und die Marke <strong>als Ikone der zeitlosen Eleganz<\/strong> anerkannt. <\/p>\n<p><em>Fontana Couture<\/em> zeichnet sich durch einen Stil aus, der Schlichtheit und Exzellenz in der Mode vereint. Das Unternehmen hat schon immer die Weiblichkeit mit Kleidungsst\u00fccken hervorgehoben, die<strong> klassische Linien und revolution\u00e4re Details<\/strong> miteinander verbinden. Die Vorliebe f\u00fcr Schwarz und Wei\u00df mit leuchtenden Farbakzenten und die meisterhafte Verwendung feiner Stoffe haben eine besondere \u00c4sthetik hervorgebracht, die \u00fcber die Modeerscheinungen hinausgeht. <\/p>\n<p>Heute stellt sich FONTANA Milano 1928 auf der Grundlage ihres Erbes einer neuen Herausforderung: Sie m\u00f6chte ihre exklusive Vision und ihr modisches Savoir-faire <strong>in die Welt der Inneneinrichtung<\/strong> und insbesondere des<strong>Luxusdesigns<\/strong> einbringen.<\/p>\n<p>[\/et_pb_text][et_pb_button button_url=&#8220;https:\/\/fontana1928.it\/de\/ueber-uns\/&#8220; button_text=&#8220;WER WIR SIND&#8220; _builder_version=&#8220;4.27.3&#8243; custom_button=&#8220;on&#8220; button_text_size=&#8220;16px&#8220; button_text_color=&#8220;#FFFFFF&#8220; button_bg_color=&#8220;#000000&#8243; button_border_width=&#8220;2px&#8220; button_border_color=&#8220;#000000&#8243; button_border_radius=&#8220;0px&#8220; button_letter_spacing=&#8220;2px&#8220; button_font=&#8220;|600||on|||||&#8220; background_layout=&#8220;dark&#8220; custom_padding=&#8220;10px||10px|&#8220; button_letter_spacing_hover=&#8220;2px&#8220; locked=&#8220;off&#8220; global_colors_info=&#8220;{}&#8220; button_text_size__hover_enabled=&#8220;off&#8220; button_one_text_size__hover_enabled=&#8220;off&#8220; button_two_text_size__hover_enabled=&#8220;off&#8220; button_text_color__hover_enabled=&#8220;off&#8220; button_one_text_color__hover_enabled=&#8220;off&#8220; button_two_text_color__hover_enabled=&#8220;off&#8220; button_border_width__hover_enabled=&#8220;off&#8220; button_one_border_width__hover_enabled=&#8220;off&#8220; button_two_border_width__hover_enabled=&#8220;off&#8220; button_border_color__hover_enabled=&#8220;off&#8220; button_one_border_color__hover_enabled=&#8220;off&#8220; button_two_border_color__hover_enabled=&#8220;off&#8220; button_border_radius__hover_enabled=&#8220;off&#8220; button_one_border_radius__hover_enabled=&#8220;off&#8220; button_two_border_radius__hover_enabled=&#8220;off&#8220; button_letter_spacing__hover_enabled=&#8220;on&#8220; button_letter_spacing__hover=&#8220;2px&#8220; button_one_letter_spacing__hover_enabled=&#8220;off&#8220; button_two_letter_spacing__hover_enabled=&#8220;off&#8220; button_bg_color__hover_enabled=&#8220;off&#8220; button_one_bg_color__hover_enabled=&#8220;off&#8220; button_two_bg_color__hover_enabled=&#8220;off&#8220;][\/et_pb_button][et_pb_button button_url=&#8220;https:\/\/fontana1928.it\/de\/projekte\/&#8220; button_text=&#8220;Unsere Projekte  &#8220; _builder_version=&#8220;4.27.4&#8243; custom_button=&#8220;on&#8220; button_text_size=&#8220;16px&#8220; button_text_color=&#8220;#ffffff&#8220; button_bg_color=&#8220;#000000&#8243; button_border_width=&#8220;2px&#8220; button_border_color=&#8220;#000000&#8243; button_border_radius=&#8220;0px&#8220; button_letter_spacing=&#8220;2px&#8220; button_font=&#8220;|600||on|||||&#8220; background_layout=&#8220;dark&#8220; custom_padding=&#8220;10px||10px|&#8220; button_letter_spacing_hover=&#8220;2px&#8220; locked=&#8220;off&#8220; global_colors_info=&#8220;{}&#8220; button_text_size__hover_enabled=&#8220;off&#8220; button_one_text_size__hover_enabled=&#8220;off&#8220; button_two_text_size__hover_enabled=&#8220;off&#8220; button_text_color__hover_enabled=&#8220;off&#8220; button_one_text_color__hover_enabled=&#8220;off&#8220; button_two_text_color__hover_enabled=&#8220;off&#8220; button_border_width__hover_enabled=&#8220;off&#8220; button_one_border_width__hover_enabled=&#8220;off&#8220; button_two_border_width__hover_enabled=&#8220;off&#8220; button_border_color__hover_enabled=&#8220;off&#8220; button_one_border_color__hover_enabled=&#8220;off&#8220; button_two_border_color__hover_enabled=&#8220;off&#8220; button_border_radius__hover_enabled=&#8220;off&#8220; button_one_border_radius__hover_enabled=&#8220;off&#8220; button_two_border_radius__hover_enabled=&#8220;off&#8220; button_letter_spacing__hover_enabled=&#8220;on&#8220; button_letter_spacing__hover=&#8220;2px&#8220; button_one_letter_spacing__hover_enabled=&#8220;off&#8220; button_two_letter_spacing__hover_enabled=&#8220;off&#8220; button_bg_color__hover_enabled=&#8220;off&#8220; button_one_bg_color__hover_enabled=&#8220;off&#8220; button_two_bg_color__hover_enabled=&#8220;off&#8220;][\/et_pb_button][\/et_pb_column][et_pb_column type=&#8220;1_2&#8243; _builder_version=&#8220;4.27.4&#8243; background_color=&#8220;#121212&#8243; use_background_color_gradient=&#8220;on&#8220; background_color_gradient_stops=&#8220;rgba(18,18,18,0.5) 0%|rgba(48,48,48,0.59) 99%&#8220; background_color_gradient_overlays_image=&#8220;on&#8220; background_color_gradient_start=&#8220;rgba(18,18,18,0.5)&#8220; background_color_gradient_end=&#8220;#121212&#8243; background_image=&#8220;https:\/\/fontana1928.it\/wp-content\/uploads\/2025\/06\/progettazione-di-interni-di-lusso-1.png&#8220; custom_padding=&#8220;100px||100px|&#8220; custom_padding_tablet=&#8220;60px||60px|&#8220; custom_padding_phone=&#8220;60px||60px|&#8220; custom_padding_last_edited=&#8220;on|desktop&#8220; global_colors_info=&#8220;{}&#8220; padding_tablet=&#8220;60px||60px|&#8220; padding_last_edited=&#8220;on|desktop&#8220; custom_padding__hover=&#8220;|||&#8220; padding_phone=&#8220;60px||60px|&#8220;][et_pb_image src=&#8220;https:\/\/fontana1928.it\/wp-content\/uploads\/2025\/06\/progettazione-di-interni-di-lusso.png&#8220; alt=&#8220;Luxus-Innenausstattung&#8220; title_text=&#8220;Luxus-Innenausstattung&#8220; align_tablet=&#8220;center&#8220; align_phone=&#8220;center&#8220; align_last_edited=&#8220;on|desktop&#8220; _builder_version=&#8220;4.27.4&#8243; max_width=&#8220;600px&#8220; max_width_tablet=&#8220;&#8220; max_width_phone=&#8220;&#8220; max_width_last_edited=&#8220;on|desktop&#8220; custom_margin=&#8220;|||-8%&#8220; custom_margin_tablet=&#8220;60px|60px|60px|60px&#8220; custom_margin_phone=&#8220;&#8220; custom_margin_last_edited=&#8220;on|desktop&#8220; custom_padding=&#8220;|||&#8220; animation_style=&#8220;slide&#8220; animation_direction=&#8220;right&#8220; animation_intensity_slide=&#8220;4%&#8220; animation_starting_opacity=&#8220;50%&#8220; box_shadow_style=&#8220;preset3&#8243; box_shadow_blur=&#8220;80px&#8220; global_colors_info=&#8220;{}&#8220;][\/et_pb_image][\/et_pb_column][\/et_pb_row][\/et_pb_section][et_pb_section fb_built=&#8220;1&#8243; _builder_version=&#8220;4.21.0&#8243; _module_preset=&#8220;default&#8220; custom_margin=&#8220;0px||||false|false&#8220; custom_padding=&#8220;0px||0px|0px|false|false&#8220; locked=&#8220;off&#8220; global_colors_info=&#8220;{}&#8220;][et_pb_row column_structure=&#8220;1_3,2_3&#8243; make_equal=&#8220;on&#8220; _builder_version=&#8220;4.27.4&#8243; width=&#8220;100%&#8220; max_width=&#8220;100%&#8220; custom_margin=&#8220;|||&#8220; custom_padding=&#8220;0px|20px|0px|||&#8220; use_custom_width=&#8220;on&#8220; width_unit=&#8220;off&#8220; custom_width_percent=&#8220;100%&#8220; global_colors_info=&#8220;{}&#8220;][et_pb_column type=&#8220;1_3&#8243; _builder_version=&#8220;4.27.4&#8243; use_background_color_gradient=&#8220;on&#8220; background_color_gradient_stops=&#8220;rgba(18,18,18,0.5) 0%|#121212 100%&#8220; background_color_gradient_overlays_image=&#8220;on&#8220; background_color_gradient_start=&#8220;rgba(18,18,18,0.5)&#8220; background_color_gradient_end=&#8220;#121212&#8243; background_image=&#8220;https:\/\/fontana1928.it\/wp-content\/uploads\/2025\/01\/IMG20230210150632.jpeg&#8220; custom_padding=&#8220;100px||100px|&#8220; custom_padding_tablet=&#8220;60px||60px|&#8220; custom_padding_phone=&#8220;60px||60px|&#8220; custom_padding_last_edited=&#8220;on|tablet&#8220; global_colors_info=&#8220;{}&#8220; padding_tablet=&#8220;60px||60px|&#8220; padding_last_edited=&#8220;on|tablet&#8220; custom_padding__hover=&#8220;|||&#8220; padding_phone=&#8220;60px||60px|&#8220;][\/et_pb_column][et_pb_column type=&#8220;2_3&#8243; _builder_version=&#8220;4.24.0&#8243; background_color_gradient_start=&#8220;rgba(0,0,0,0.4)&#8220; background_color_gradient_end=&#8220;#000000&#8243; custom_padding=&#8220;100px|0%|100px|3%|false|false&#8220; custom_padding_tablet=&#8220;60px|10%|60px|10%&#8220; custom_padding_phone=&#8220;60px|10%|60px|10%&#8220; custom_padding_last_edited=&#8220;on|phone&#8220; global_colors_info=&#8220;{}&#8220; padding_tablet=&#8220;60px|10%|60px|10%&#8220; padding_last_edited=&#8220;on|phone&#8220; custom_padding__hover=&#8220;|||&#8220; padding_phone=&#8220;60px|10%|60px|10%&#8220;][et_pb_text _builder_version=&#8220;4.27.4&#8243; text_font=&#8220;||||||||&#8220; text_font_size=&#8220;20px&#8220; text_line_height=&#8220;1.8em&#8220; header_font=&#8220;||||||||&#8220; header_2_font=&#8220;|||on|||||&#8220; header_2_text_color=&#8220;#000000&#8243; header_2_font_size=&#8220;50px&#8220; header_2_line_height=&#8220;1.3em&#8220; header_3_font=&#8220;||||||||&#8220; max_width=&#8220;600px&#8220; custom_margin=&#8220;|-44px||||&#8220; header_2_font_size_tablet=&#8220;40px&#8220; header_2_font_size_phone=&#8220;35px&#8220; header_2_font_size_last_edited=&#8220;on|phone&#8220; locked=&#8220;off&#8220; global_colors_info=&#8220;{}&#8220;]<\/p>\n<h2><span style=\"color: #c5ad94;\">Italienische<\/span> <span style=\"color: #c5ad94;\">Haute<\/span> <span style=\"color: #c5ad94;\">Couture<\/span>wird zum <span style=\"color: #c5ad94;\">Innendesign<\/span><\/h2>\n<p>Die Kleidungsst\u00fccke <em>von Fontana Couture<\/em> zeichneten sich durch ein<strong> raffiniertes, feminines<\/strong> Gef\u00fchl und einen <strong>leichten, aber strukturierten Schnitt<\/strong> aus. Der sartoriale Ansatz, der harmonische Volumina und feine Stoffe wie Kaschmir, Angora und Wolle mischte, hat in der <strong>Inneneinrichtung <\/strong>von FONTANA Milano 1928 eine neue Deklination gefunden, wo die <strong>Sorgfalt bei der Verwendung feiner Materialien zu einer einzigartigen und raffinierten Einrichtung f\u00fchrt<\/strong>. Die Modekreationen der Marke spiegeln sich nun in <strong>R\u00e4umen mit essentiellen Formen<\/strong> wider <strong>, die durch &#8222;sartoriale&#8220; Details, die von den ikonischen Kleidungsst\u00fccken der Maison inspiriert sind, aufgewertet werden<\/strong>.  <\/p>\n<p>Der Glamour von Fontana, der in der Mode von den Protagonisten des internationalen Jetsets erkannt und gesch\u00e4tzt wurde, kommt nun in den von der Marke gestalteten R\u00e4umen zum Ausdruck. Die Inneneinrichtung von FONTANA Milano 1928 materialisiert sich in einer verf\u00fchrerischen Weiblichkeit, die das Gef\u00fchl von Zugeh\u00f6rigkeit und Kultur widerspiegelt, das der Mode\u00e4sthetik des Hauses innewohnt. Das Innendesign von FONTANA Milano 1928 verk\u00f6rpert heute <strong>eine Vision von diskretem Luxus<\/strong>, bei dem die Verwendung <strong>edler Materialien<\/strong> durch die f\u00fcr die italienische Tradition typischen <strong>warmen, nat\u00fcrlichen Farbt\u00f6ne<\/strong> gepr\u00e4gt ist.  <\/p>\n<p>Die grundlegenden Werte der Marke &#8211; Forschung, Italianit\u00e0 und Bewusstsein &#8211; positionieren FONTANA Milano 1928 jenseits der fl\u00fcchtigsten Trends, auch im Bereich der Inneneinrichtung, und setzen auf <strong>zeitlose Sch\u00f6nheit.<\/strong> Die M\u00f6bel werden zum Symbol eines raffinierten und zeitgem\u00e4\u00dfen Lebensstils, der die Geschichte der Marke auf moderne Weise neu interpretiert und ein neues Kapitel der Eleganz und Handwerkskunst Made in Italy aufschl\u00e4gt. <\/p>\n<p>[\/et_pb_text][\/et_pb_column][\/et_pb_row][\/et_pb_section]<\/p>\n","protected":false},"excerpt":{"rendered":"<p><nav aria-label=\"breadcrumbs\" class=\"rank-math-breadcrumb\"><p><span class=\"last\">Home<\/span><\/p><\/nav>Von der Haute Couture zur luxuri\u00f6sen InneneinrichtungEine Geschichtevon Handwerkskunst, Geschmackund Wagemut Die Marke Fontana Couture wurde im Jahr 1928 von Giovanni Fontana in Mailand gegr\u00fcndet . Urspr\u00fcnglich eine Strickwarenwerkstatt, etablierte sie sich im Laufe der Zeit unter der Leitung von Giovannis Sohn Roberto Fontana und der kreativen F\u00fchrung seiner Frau Alessandra als Sinnbild f\u00fcr den [&hellip;]<\/p>\n","protected":false},"author":3,"featured_media":0,"parent":0,"menu_order":0,"comment_status":"closed","ping_status":"closed","template":"","meta":{"_et_pb_use_builder":"on","_et_pb_old_content":"","_et_gb_content_width":"","footnotes":""},"class_list":["post-1838","page","type-page","status-publish","hentry"],"_links":{"self":[{"href":"https:\/\/fontana1928.it\/de\/wp-json\/wp\/v2\/pages\/1838","targetHints":{"allow":["GET"]}}],"collection":[{"href":"https:\/\/fontana1928.it\/de\/wp-json\/wp\/v2\/pages"}],"about":[{"href":"https:\/\/fontana1928.it\/de\/wp-json\/wp\/v2\/types\/page"}],"author":[{"embeddable":true,"href":"https:\/\/fontana1928.it\/de\/wp-json\/wp\/v2\/users\/3"}],"replies":[{"embeddable":true,"href":"https:\/\/fontana1928.it\/de\/wp-json\/wp\/v2\/comments?post=1838"}],"version-history":[{"count":6,"href":"https:\/\/fontana1928.it\/de\/wp-json\/wp\/v2\/pages\/1838\/revisions"}],"predecessor-version":[{"id":2097,"href":"https:\/\/fontana1928.it\/de\/wp-json\/wp\/v2\/pages\/1838\/revisions\/2097"}],"wp:attachment":[{"href":"https:\/\/fontana1928.it\/de\/wp-json\/wp\/v2\/media?parent=1838"}],"curies":[{"name":"wp","href":"https:\/\/api.w.org\/{rel}","templated":true}]}}