{"id":1829,"date":"2024-11-11T16:28:02","date_gmt":"2024-11-11T15:28:02","guid":{"rendered":"https:\/\/fontana1928.dev2.sharenow.it\/luxurioese-architektur\/"},"modified":"2025-08-01T16:21:49","modified_gmt":"2025-08-01T14:21:49","slug":"luxurioese-architektur","status":"publish","type":"page","link":"https:\/\/fontana1928.it\/de\/luxurioese-architektur\/","title":{"rendered":"Luxuri\u00f6se Architektur"},"content":{"rendered":"<p>[et_pb_section fb_built=&#8220;1&#8243; admin_label=&#8220;Hero Section&#8220; _builder_version=&#8220;4.24.0&#8243; custom_padding=&#8220;0|0px|0px|0px&#8220; global_colors_info=&#8220;{}&#8220;][et_pb_row column_structure=&#8220;1_2,1_2&#8243; use_custom_gutter=&#8220;on&#8220; make_equal=&#8220;on&#8220; _builder_version=&#8220;4.27.3&#8243; width=&#8220;100%&#8220; max_width=&#8220;100%&#8220; custom_padding=&#8220;0px|0|0px|&#8220; use_custom_width=&#8220;on&#8220; width_unit=&#8220;off&#8220; custom_width_percent=&#8220;100%&#8220; global_colors_info=&#8220;{}&#8220;][et_pb_column type=&#8220;1_2&#8243; _builder_version=&#8220;4.16&#8243; custom_padding=&#8220;200px|4%|200px|8%&#8220; custom_padding_tablet=&#8220;60px|10%|60px|10%&#8220; custom_padding_phone=&#8220;60px|10%|60px|10%&#8220; custom_padding_last_edited=&#8220;on|tablet&#8220; global_colors_info=&#8220;{}&#8220; padding_tablet=&#8220;60px|10%|60px|10%&#8220; padding_last_edited=&#8220;on|tablet&#8220; custom_padding__hover=&#8220;|||&#8220; padding_phone=&#8220;60px|10%|60px|10%&#8220;][et_pb_text _builder_version=&#8220;4.24.0&#8243; text_font=&#8220;|600||on|||||&#8220; text_text_color=&#8220;#c2ab92&#8243; text_font_size=&#8220;17px&#8220; link_font=&#8220;|600|||||||&#8220; link_text_color=&#8220;#c2ab92&#8243; header_font=&#8220;|600|||||||&#8220; header_text_color=&#8220;#d8b571&#8243; header_3_font=&#8220;|700||on|||||&#8220; header_3_text_color=&#8220;#c2ab92&#8243; header_3_font_size=&#8220;16px&#8220; header_3_letter_spacing=&#8220;1px&#8220; background_layout=&#8220;dark&#8220; max_width=&#8220;600px&#8220; module_alignment=&#8220;left&#8220; custom_margin=&#8220;||20px|&#8220; locked=&#8220;off&#8220; global_colors_info=&#8220;{}&#8220;]<\/p>\n<p><span style=\"color: #c2ab92;\"><nav aria-label=\"breadcrumbs\" class=\"rank-math-breadcrumb\"><p><span class=\"last\">Home<\/span><\/p><\/nav><\/span><\/p>\n<p>[\/et_pb_text][et_pb_text _builder_version=&#8220;4.27.4&#8243; text_font=&#8220;||||||||&#8220; text_line_height=&#8220;1.8em&#8220; header_font=&#8220;Abel|700||on|||||&#8220; header_text_color=&#8220;#C5AD94&#8243; header_font_size=&#8220;20px&#8220; header_letter_spacing=&#8220;2px&#8220; header_line_height=&#8220;1.3em&#8220; header_2_font=&#8220;|||on|||||&#8220; header_2_text_color=&#8220;#000000&#8243; header_2_font_size=&#8220;50px&#8220; header_2_line_height=&#8220;1.3em&#8220; header_3_font=&#8220;||||||||&#8220; max_width=&#8220;600px&#8220; custom_margin=&#8220;||13px|||&#8220; header_font_size_tablet=&#8220;40px&#8220; header_font_size_phone=&#8220;18px&#8220; header_font_size_last_edited=&#8220;on|tablet&#8220; header_2_font_size_tablet=&#8220;40px&#8220; header_2_font_size_phone=&#8220;35px&#8220; header_2_font_size_last_edited=&#8220;on|desktop&#8220; locked=&#8220;off&#8220; global_colors_info=&#8220;{}&#8220;]<\/p>\n<h1>Luxuri\u00f6se Architektur f\u00fcr ikonische Umgebungen<\/h1>\n<p>[\/et_pb_text][et_pb_text _builder_version=&#8220;4.27.4&#8243; text_font=&#8220;||||||||&#8220; text_font_size=&#8220;20px&#8220; text_line_height=&#8220;1.8em&#8220; header_font=&#8220;|||on|||||&#8220; header_text_color=&#8220;#000000&#8243; header_font_size=&#8220;50px&#8220; header_line_height=&#8220;1.3em&#8220; header_2_font=&#8220;|||on|||||&#8220; header_2_text_color=&#8220;#C5AD94&#8243; header_2_font_size=&#8220;50px&#8220; header_2_line_height=&#8220;1.3em&#8220; header_3_font=&#8220;|600|||||||&#8220; header_3_text_color=&#8220;#40BFB9&#8243; max_width=&#8220;600px&#8220; header_font_tablet=&#8220;|||on|||||&#8220; header_font_phone=&#8220;|||on|||||&#8220; header_font_last_edited=&#8220;on|phone&#8220; header_font_size_tablet=&#8220;40px&#8220; header_font_size_phone=&#8220;35px&#8220; header_font_size_last_edited=&#8220;on|phone&#8220; locked=&#8220;off&#8220; global_colors_info=&#8220;{}&#8220;]<\/p>\n<h2><span style=\"color: #000000;\"><span style=\"color: #c5ad94;\">Luxuri\u00f6se<\/span> <span style=\"color: #c5ad94;\">Architektur<\/span>f\u00fcr <\/span><span style=\"color: #000000;\"><span style=\"color: #c5ad94;\">c<\/span><\/span><span style=\"color: #000000;\">reate <\/span><span style=\"color: #000000;\"><span style=\"color: #c5ad94;\">a<\/span><\/span><span style=\"color: #000000;\">ments <\/span><span style=\"color: #000000;\"><span style=\"color: #c5ad94;\">i<\/span><\/span><span style=\"color: #000000;\">konisch<\/span><\/h2>\n<p>FONTANA Milano 1928 versteht <strong>Luxusarchitektur<\/strong> als eine harmonische Mischung aus \u00c4sthetik, Funktionalit\u00e4t und Exklusivit\u00e4t und geht damit \u00fcber blo\u00dfe Opulenz und Extravaganz hinaus. Die Nuancen von Luxus in der Architektur k\u00f6nnen unendlich sein. FONTANA Milano 1928 sch\u00e4tzt sein <strong>k\u00fcnstlerisches Know-how<\/strong> und die<strong>exzellente Handwerkskunst seiner Kollektionen<\/strong>, um Projekte zu realisieren, die Raffinesse und Eleganz verk\u00f6rpern und alle unterschiedlichen Kundenbed\u00fcrfnisse erf\u00fcllen. Die Essenz der Luxusarchitektur von FONTANA Milano 1928 besteht aus der Kombination von <strong>durchdachtem Design<\/strong>, tadelloser <strong>Handwerkskunst<\/strong> und gro\u00dfer <strong>Liebe zum Detail<\/strong>. Alles unverzichtbare Elemente, um eine <strong>ikonische Umgebung<\/strong> zu schaffen: ein Raum, der alle Sinne anspricht und die menschliche Erfahrung derer, die darin leben, erh\u00f6ht.   <\/p>\n<p>[\/et_pb_text][et_pb_button button_url=&#8220;@ET-DC@eyJkeW5hbWljIjp0cnVlLCJjb250ZW50IjoicG9zdF9saW5rX3VybF9wYWdlIiwic2V0dGluZ3MiOnsicG9zdF9pZCI6Ijk3IiwiZW5hYmxlX2h0bWwiOiJvZmYifX0=@&#8220; button_text=&#8220;WER WIR SIND&#8220; _builder_version=&#8220;4.27.4&#8243; _dynamic_attributes=&#8220;button_url&#8220; custom_button=&#8220;on&#8220; button_text_size=&#8220;16px&#8220; button_text_color=&#8220;#FFFFFF&#8220; button_bg_color=&#8220;#000000&#8243; button_border_width=&#8220;2px&#8220; button_border_color=&#8220;#000000&#8243; button_border_radius=&#8220;0px&#8220; button_letter_spacing=&#8220;2px&#8220; button_font=&#8220;|600||on|||||&#8220; background_layout=&#8220;dark&#8220; custom_padding=&#8220;10px||10px|&#8220; button_letter_spacing_hover=&#8220;2px&#8220; locked=&#8220;off&#8220; global_colors_info=&#8220;{}&#8220; button_text_size__hover_enabled=&#8220;off&#8220; button_one_text_size__hover_enabled=&#8220;off&#8220; button_two_text_size__hover_enabled=&#8220;off&#8220; button_text_color__hover_enabled=&#8220;off&#8220; button_one_text_color__hover_enabled=&#8220;off&#8220; button_two_text_color__hover_enabled=&#8220;off&#8220; button_border_width__hover_enabled=&#8220;off&#8220; button_one_border_width__hover_enabled=&#8220;off&#8220; button_two_border_width__hover_enabled=&#8220;off&#8220; button_border_color__hover_enabled=&#8220;off&#8220; button_one_border_color__hover_enabled=&#8220;off&#8220; button_two_border_color__hover_enabled=&#8220;off&#8220; button_border_radius__hover_enabled=&#8220;off&#8220; button_one_border_radius__hover_enabled=&#8220;off&#8220; button_two_border_radius__hover_enabled=&#8220;off&#8220; button_letter_spacing__hover_enabled=&#8220;on&#8220; button_letter_spacing__hover=&#8220;2px&#8220; button_one_letter_spacing__hover_enabled=&#8220;off&#8220; button_two_letter_spacing__hover_enabled=&#8220;off&#8220; button_bg_color__hover_enabled=&#8220;off&#8220; button_one_bg_color__hover_enabled=&#8220;off&#8220; button_two_bg_color__hover_enabled=&#8220;off&#8220;][\/et_pb_button][et_pb_button button_url=&#8220;https:\/\/fontana1928.it\/de\/projekte\/&#8220; button_text=&#8220;Unsere Projekte&#8220; _builder_version=&#8220;4.27.4&#8243; custom_button=&#8220;on&#8220; button_text_size=&#8220;16px&#8220; button_text_color=&#8220;#ffffff&#8220; button_bg_color=&#8220;#000000&#8243; button_border_width=&#8220;2px&#8220; button_border_color=&#8220;#000000&#8243; button_border_radius=&#8220;0px&#8220; button_letter_spacing=&#8220;2px&#8220; button_font=&#8220;|600||on|||||&#8220; background_layout=&#8220;dark&#8220; custom_padding=&#8220;10px||10px|&#8220; button_letter_spacing_hover=&#8220;2px&#8220; locked=&#8220;off&#8220; global_colors_info=&#8220;{}&#8220; button_text_size__hover_enabled=&#8220;off&#8220; button_one_text_size__hover_enabled=&#8220;off&#8220; button_two_text_size__hover_enabled=&#8220;off&#8220; button_text_color__hover_enabled=&#8220;off&#8220; button_one_text_color__hover_enabled=&#8220;off&#8220; button_two_text_color__hover_enabled=&#8220;off&#8220; button_border_width__hover_enabled=&#8220;off&#8220; button_one_border_width__hover_enabled=&#8220;off&#8220; button_two_border_width__hover_enabled=&#8220;off&#8220; button_border_color__hover_enabled=&#8220;off&#8220; button_one_border_color__hover_enabled=&#8220;off&#8220; button_two_border_color__hover_enabled=&#8220;off&#8220; button_border_radius__hover_enabled=&#8220;off&#8220; button_one_border_radius__hover_enabled=&#8220;off&#8220; button_two_border_radius__hover_enabled=&#8220;off&#8220; button_letter_spacing__hover_enabled=&#8220;on&#8220; button_letter_spacing__hover=&#8220;2px&#8220; button_one_letter_spacing__hover_enabled=&#8220;off&#8220; button_two_letter_spacing__hover_enabled=&#8220;off&#8220; button_bg_color__hover_enabled=&#8220;off&#8220; button_one_bg_color__hover_enabled=&#8220;off&#8220; button_two_bg_color__hover_enabled=&#8220;off&#8220;][\/et_pb_button][\/et_pb_column][et_pb_column type=&#8220;1_2&#8243; _builder_version=&#8220;4.27.3&#8243; background_color=&#8220;#121212&#8243; use_background_color_gradient=&#8220;on&#8220; background_color_gradient_stops=&#8220;rgba(18,18,18,0.5) 0%|rgba(48,48,48,0.59) 99%&#8220; background_color_gradient_overlays_image=&#8220;on&#8220; background_color_gradient_start=&#8220;rgba(18,18,18,0.5)&#8220; background_color_gradient_end=&#8220;#121212&#8243; background_image=&#8220;https:\/\/fontana1928.it\/wp-content\/uploads\/2024\/10\/fontana-luxury-home-design-villa-seychelles-.jpg&#8220; background_position=&#8220;bottom_right&#8220; custom_padding=&#8220;100px||100px|&#8220; custom_padding_tablet=&#8220;60px||60px|&#8220; custom_padding_phone=&#8220;60px||60px|&#8220; custom_padding_last_edited=&#8220;on|desktop&#8220; global_colors_info=&#8220;{}&#8220; padding_tablet=&#8220;60px||60px|&#8220; padding_last_edited=&#8220;on|desktop&#8220; custom_padding__hover=&#8220;|||&#8220; padding_phone=&#8220;60px||60px|&#8220;][et_pb_image src=&#8220;https:\/\/fontana1928.it\/wp-content\/uploads\/2025\/01\/Luxury-architecture-Fontana-Milano-1928.jpg&#8220; alt=&#8220;Luxuri\u00f6se Architektur &#8211; Fontana Milano 1928&#8243; title_text=&#8220;Luxuri\u00f6se Architektur &#8211; Fontana Milano 1928&#8243; align_tablet=&#8220;center&#8220; align_phone=&#8220;center&#8220; align_last_edited=&#8220;on|desktop&#8220; _builder_version=&#8220;4.27.4&#8243; max_width=&#8220;600px&#8220; max_width_tablet=&#8220;&#8220; max_width_phone=&#8220;&#8220; max_width_last_edited=&#8220;on|desktop&#8220; custom_margin=&#8220;|||-8%&#8220; custom_margin_tablet=&#8220;60px|60px|60px|60px&#8220; custom_margin_phone=&#8220;&#8220; custom_margin_last_edited=&#8220;on|desktop&#8220; custom_padding=&#8220;|||&#8220; animation_style=&#8220;slide&#8220; animation_direction=&#8220;right&#8220; animation_intensity_slide=&#8220;4%&#8220; animation_starting_opacity=&#8220;50%&#8220; box_shadow_style=&#8220;preset3&#8243; box_shadow_blur=&#8220;80px&#8220; global_colors_info=&#8220;{}&#8220;][\/et_pb_image][\/et_pb_column][\/et_pb_row][\/et_pb_section][et_pb_section fb_built=&#8220;1&#8243; _builder_version=&#8220;4.21.0&#8243; _module_preset=&#8220;default&#8220; custom_margin=&#8220;0px||||false|false&#8220; custom_padding=&#8220;0px||0px|0px|false|false&#8220; locked=&#8220;off&#8220; global_colors_info=&#8220;{}&#8220;][et_pb_row column_structure=&#8220;1_3,2_3&#8243; make_equal=&#8220;on&#8220; _builder_version=&#8220;4.27.4&#8243; width=&#8220;100%&#8220; max_width=&#8220;100%&#8220; custom_margin=&#8220;|||&#8220; custom_padding=&#8220;0px|20px|0px|||&#8220; use_custom_width=&#8220;on&#8220; width_unit=&#8220;off&#8220; custom_width_percent=&#8220;100%&#8220; global_colors_info=&#8220;{}&#8220;][et_pb_column type=&#8220;1_3&#8243; _builder_version=&#8220;4.27.4&#8243; use_background_color_gradient=&#8220;on&#8220; background_color_gradient_stops=&#8220;rgba(18,18,18,0.5) 0%|#121212 100%&#8220; background_color_gradient_overlays_image=&#8220;on&#8220; background_color_gradient_start=&#8220;rgba(18,18,18,0.5)&#8220; background_color_gradient_end=&#8220;#121212&#8243; background_image=&#8220;https:\/\/fontana1928.it\/wp-content\/uploads\/2025\/01\/luxury-interior-design-concept-faggeto-lario-vista-009.jpg&#8220; custom_padding=&#8220;100px||100px|&#8220; custom_padding_tablet=&#8220;60px||60px|&#8220; custom_padding_phone=&#8220;60px||60px|&#8220; custom_padding_last_edited=&#8220;on|tablet&#8220; global_colors_info=&#8220;{}&#8220; padding_tablet=&#8220;60px||60px|&#8220; padding_last_edited=&#8220;on|tablet&#8220; custom_padding__hover=&#8220;|||&#8220; padding_phone=&#8220;60px||60px|&#8220;][et_pb_image src=&#8220;https:\/\/fontana1928.it\/wp-content\/uploads\/2025\/01\/luxury-interior-design-concept-faggeto-lario-vista-009.jpg&#8220; title_text=&#8220;luxuri\u00f6ses innenarchitektur-konzept faggeto lario vista 009&#8243; align_tablet=&#8220;center&#8220; align_phone=&#8220;center&#8220; align_last_edited=&#8220;on|desktop&#8220; _builder_version=&#8220;4.27.4&#8243; max_width_last_edited=&#8220;off|desktop&#8220; module_alignment=&#8220;center&#8220; custom_margin=&#8220;|-10%||20%&#8220; custom_margin_tablet=&#8220;|10%||10%&#8220; custom_margin_phone=&#8220;&#8220; custom_margin_last_edited=&#8220;on|phone&#8220; custom_padding=&#8220;|||&#8220; animation_style=&#8220;slide&#8220; animation_direction=&#8220;right&#8220; animation_intensity_slide=&#8220;4%&#8220; animation_starting_opacity=&#8220;50%&#8220; box_shadow_style=&#8220;preset3&#8243; box_shadow_blur=&#8220;80px&#8220; global_colors_info=&#8220;{}&#8220;][\/et_pb_image][\/et_pb_column][et_pb_column type=&#8220;2_3&#8243; _builder_version=&#8220;4.24.0&#8243; background_color_gradient_start=&#8220;rgba(0,0,0,0.4)&#8220; background_color_gradient_end=&#8220;#000000&#8243; custom_padding=&#8220;100px|0%|100px|3%|false|false&#8220; custom_padding_tablet=&#8220;60px|10%|60px|10%&#8220; custom_padding_phone=&#8220;60px|10%|60px|10%&#8220; custom_padding_last_edited=&#8220;on|phone&#8220; global_colors_info=&#8220;{}&#8220; padding_tablet=&#8220;60px|10%|60px|10%&#8220; padding_last_edited=&#8220;on|phone&#8220; custom_padding__hover=&#8220;|||&#8220; padding_phone=&#8220;60px|10%|60px|10%&#8220;][et_pb_text _builder_version=&#8220;4.27.4&#8243; text_font=&#8220;||||||||&#8220; text_font_size=&#8220;20px&#8220; text_line_height=&#8220;1.8em&#8220; header_font=&#8220;||||||||&#8220; header_2_font=&#8220;|||on|||||&#8220; header_2_text_color=&#8220;#000000&#8243; header_2_font_size=&#8220;50px&#8220; header_2_line_height=&#8220;1.3em&#8220; header_3_font=&#8220;||||||||&#8220; max_width=&#8220;600px&#8220; custom_margin=&#8220;|-44px||||&#8220; header_2_font_size_tablet=&#8220;40px&#8220; header_2_font_size_phone=&#8220;35px&#8220; header_2_font_size_last_edited=&#8220;on|phone&#8220; locked=&#8220;off&#8220; global_colors_info=&#8220;{}&#8220;]<\/p>\n<h2><span style=\"color: #c5ad94;\">Luxuri\u00f6se<\/span> <span style=\"color: #c5ad94;\">Architektur<\/span>als <span style=\"color: #c5ad94;\">ideale<\/span> <span style=\"color: #c5ad94;\">Grundlage f\u00fcr die<\/span> <span style=\"color: #c5ad94;\">Innenarchitektur<\/span><\/h2>\n<p>Eine seri\u00f6se, solide und professionelle Luxusarchitektur, wie sie FONTANA Milano 1928 zum Ausdruck bringen kann, ist unerl\u00e4sslich, um einem hochkar\u00e4tigen Innenarchitekturprojekt den <strong>richtigen Rahmen zu<\/strong> geben: von den Proportionen der R\u00e4ume \u00fcber die Verteilung des nat\u00fcrlichen Lichts bis hin zur genauen Untersuchung der Perspektiven. Ein architektonischer Designansatz auf hohem Niveau erm\u00f6glicht es, <strong>Innenr\u00e4ume<\/strong> optimal zu gestalten und bietet die perfekte Grundlage f\u00fcr die Realisierung eines koh\u00e4renten und unverwechselbaren Designs. Bei dieser Arbeitsweise verschmelzen die Erfahrung und die Kreativit\u00e4t der Designer mit der architektonischen Gesamtvision. Das Ergebnis sind <strong>ma\u00dfgeschneiderte L\u00f6sungen<\/strong>, die den \u00e4sthetischen und funktionalen Anforderungen am besten gerecht werden. Luxuri\u00f6se Architektur, die niemals Selbstzweck ist.   <\/p>\n<p>[\/et_pb_text][\/et_pb_column][\/et_pb_row][\/et_pb_section][et_pb_section fb_built=&#8220;1&#8243; _builder_version=&#8220;4.21.0&#8243; _module_preset=&#8220;default&#8220; custom_margin=&#8220;0px||||false|false&#8220; custom_padding=&#8220;0px||0px|0px|false|false&#8220; locked=&#8220;off&#8220; global_colors_info=&#8220;{}&#8220;][et_pb_row column_structure=&#8220;1_3,2_3&#8243; make_equal=&#8220;on&#8220; _builder_version=&#8220;4.27.4&#8243; width=&#8220;100%&#8220; max_width=&#8220;100%&#8220; custom_margin=&#8220;|||&#8220; custom_padding=&#8220;0px|20px|0px|||&#8220; use_custom_width=&#8220;on&#8220; width_unit=&#8220;off&#8220; custom_width_percent=&#8220;100%&#8220; global_colors_info=&#8220;{}&#8220;][et_pb_column type=&#8220;1_3&#8243; _builder_version=&#8220;4.27.4&#8243; use_background_color_gradient=&#8220;on&#8220; background_color_gradient_stops=&#8220;rgba(18,18,18,0.5) 0%|#121212 100%&#8220; background_color_gradient_overlays_image=&#8220;on&#8220; background_color_gradient_start=&#8220;rgba(18,18,18,0.5)&#8220; background_color_gradient_end=&#8220;#121212&#8243; background_image=&#8220;https:\/\/fontana1928.it\/wp-content\/uploads\/2025\/01\/luxury-interior-design-concept-faggeto-lario-vista-006.jpg&#8220; custom_padding=&#8220;100px||100px|&#8220; custom_padding_tablet=&#8220;60px||60px|&#8220; custom_padding_phone=&#8220;60px||60px|&#8220; custom_padding_last_edited=&#8220;on|tablet&#8220; global_colors_info=&#8220;{}&#8220; padding_tablet=&#8220;60px||60px|&#8220; padding_last_edited=&#8220;on|tablet&#8220; custom_padding__hover=&#8220;|||&#8220; padding_phone=&#8220;60px||60px|&#8220;][et_pb_image src=&#8220;https:\/\/fontana1928.it\/wp-content\/uploads\/2025\/01\/luxury-interior-design-concept-faggeto-lario-vista-006.jpg&#8220; title_text=&#8220;luxuri\u00f6ses innenarchitektur-konzept faggeto lario vista 006&#8243; align_tablet=&#8220;center&#8220; align_phone=&#8220;center&#8220; align_last_edited=&#8220;on|desktop&#8220; _builder_version=&#8220;4.27.4&#8243; max_width_last_edited=&#8220;off|desktop&#8220; module_alignment=&#8220;center&#8220; custom_margin=&#8220;|-10%||20%&#8220; custom_margin_tablet=&#8220;|10%||10%&#8220; custom_margin_phone=&#8220;&#8220; custom_margin_last_edited=&#8220;on|phone&#8220; custom_padding=&#8220;|||&#8220; animation_style=&#8220;slide&#8220; animation_direction=&#8220;right&#8220; animation_intensity_slide=&#8220;4%&#8220; animation_starting_opacity=&#8220;50%&#8220; box_shadow_style=&#8220;preset3&#8243; box_shadow_blur=&#8220;80px&#8220; global_colors_info=&#8220;{}&#8220;][\/et_pb_image][\/et_pb_column][et_pb_column type=&#8220;2_3&#8243; _builder_version=&#8220;4.24.0&#8243; background_color_gradient_start=&#8220;rgba(0,0,0,0.4)&#8220; background_color_gradient_end=&#8220;#000000&#8243; custom_padding=&#8220;100px|0%|100px|3%|false|false&#8220; custom_padding_tablet=&#8220;60px|10%|60px|10%&#8220; custom_padding_phone=&#8220;60px|10%|60px|10%&#8220; custom_padding_last_edited=&#8220;on|phone&#8220; global_colors_info=&#8220;{}&#8220; padding_tablet=&#8220;60px|10%|60px|10%&#8220; padding_last_edited=&#8220;on|phone&#8220; custom_padding__hover=&#8220;|||&#8220; padding_phone=&#8220;60px|10%|60px|10%&#8220;][et_pb_text _builder_version=&#8220;4.27.4&#8243; text_font=&#8220;||||||||&#8220; text_font_size=&#8220;20px&#8220; text_line_height=&#8220;1.8em&#8220; header_font=&#8220;||||||||&#8220; header_2_font=&#8220;|||on|||||&#8220; header_2_text_color=&#8220;#000000&#8243; header_2_font_size=&#8220;50px&#8220; header_2_line_height=&#8220;1.3em&#8220; header_3_font=&#8220;||||||||&#8220; max_width=&#8220;600px&#8220; custom_margin=&#8220;|-44px||||&#8220; header_2_font_size_tablet=&#8220;40px&#8220; header_2_font_size_phone=&#8220;35px&#8220; header_2_font_size_last_edited=&#8220;on|phone&#8220; locked=&#8220;off&#8220; global_colors_info=&#8220;{}&#8220;]<\/p>\n<h2><span style=\"color: #c5ad94;\">Design<\/span>und <span style=\"color: #c5ad94;\">Luxus<\/span>: <br \/>ein <span style=\"color: #c5ad94;\">integrierter<\/span> <span style=\"color: #c5ad94;\">kreativer<\/span> <span style=\"color: #c5ad94;\">Weg<\/span><\/h2>\n<p>Wenn es um Luxusdesign geht, beschr\u00e4nkt man sich in der Tat nicht auf die Konzeption origineller architektonischer Formen und die Auswahl wertvoller Materialien, sondern organisiert den gesamten Arbeitsprozess als <strong>einen integrierten kreativen Prozess<\/strong>, in den das Streben nach Exzellenz jedes einzelne Detail einflie\u00dfen l\u00e4sst. Aus dieser Perspektive ist die Innenarchitektur <strong>eine nat\u00fcrliche Erweiterung des<\/strong> architektonischen Designs, die dessen Seele bereichert und R\u00e4ume in <strong>einzigartige, noch nie dagewesene<\/strong> multisensorische Erfahrungen verwandelt. Ein luxuri\u00f6ses Innendesign, das zu einer nat\u00fcrlichen Entwicklung der Luxusarchitektur auf hohem professionellem Niveau wird.  <\/p>\n<p>[\/et_pb_text][\/et_pb_column][\/et_pb_row][\/et_pb_section]<\/p>\n","protected":false},"excerpt":{"rendered":"<p><nav aria-label=\"breadcrumbs\" class=\"rank-math-breadcrumb\"><p><span class=\"last\">Home<\/span><\/p><\/nav>Luxuri\u00f6se Architektur f\u00fcr ikonische UmgebungenLuxuri\u00f6se Architekturf\u00fcr create aments ikonisch FONTANA Milano 1928 versteht Luxusarchitektur als eine harmonische Mischung aus \u00c4sthetik, Funktionalit\u00e4t und Exklusivit\u00e4t und geht damit \u00fcber blo\u00dfe Opulenz und Extravaganz hinaus. Die Nuancen von Luxus in der Architektur k\u00f6nnen unendlich sein. FONTANA Milano 1928 sch\u00e4tzt sein k\u00fcnstlerisches Know-how und dieexzellente Handwerkskunst seiner Kollektionen, um [&hellip;]<\/p>\n","protected":false},"author":3,"featured_media":1738,"parent":0,"menu_order":0,"comment_status":"closed","ping_status":"closed","template":"","meta":{"_et_pb_use_builder":"on","_et_pb_old_content":"","_et_gb_content_width":"","footnotes":""},"class_list":["post-1829","page","type-page","status-publish","has-post-thumbnail","hentry"],"_links":{"self":[{"href":"https:\/\/fontana1928.it\/de\/wp-json\/wp\/v2\/pages\/1829","targetHints":{"allow":["GET"]}}],"collection":[{"href":"https:\/\/fontana1928.it\/de\/wp-json\/wp\/v2\/pages"}],"about":[{"href":"https:\/\/fontana1928.it\/de\/wp-json\/wp\/v2\/types\/page"}],"author":[{"embeddable":true,"href":"https:\/\/fontana1928.it\/de\/wp-json\/wp\/v2\/users\/3"}],"replies":[{"embeddable":true,"href":"https:\/\/fontana1928.it\/de\/wp-json\/wp\/v2\/comments?post=1829"}],"version-history":[{"count":6,"href":"https:\/\/fontana1928.it\/de\/wp-json\/wp\/v2\/pages\/1829\/revisions"}],"predecessor-version":[{"id":2079,"href":"https:\/\/fontana1928.it\/de\/wp-json\/wp\/v2\/pages\/1829\/revisions\/2079"}],"wp:featuredmedia":[{"embeddable":true,"href":"https:\/\/fontana1928.it\/de\/wp-json\/wp\/v2\/media\/1738"}],"wp:attachment":[{"href":"https:\/\/fontana1928.it\/de\/wp-json\/wp\/v2\/media?parent=1829"}],"curies":[{"name":"wp","href":"https:\/\/api.w.org\/{rel}","templated":true}]}}