{"id":1817,"date":"2024-11-13T15:20:48","date_gmt":"2024-11-13T14:20:48","guid":{"rendered":"https:\/\/fontana1928.dev2.sharenow.it\/luxus-innenausstattung\/"},"modified":"2025-08-01T16:22:20","modified_gmt":"2025-08-01T14:22:20","slug":"luxus-innenausstattung","status":"publish","type":"page","link":"https:\/\/fontana1928.it\/de\/luxus-innenausstattung\/","title":{"rendered":"Luxus-Innenausstattung"},"content":{"rendered":"<p>[et_pb_section fb_built=&#8220;1&#8243; admin_label=&#8220;Hero Section&#8220; _builder_version=&#8220;4.24.0&#8243; custom_padding=&#8220;0|0px|0px|0px&#8220; global_colors_info=&#8220;{}&#8220;][et_pb_row column_structure=&#8220;1_2,1_2&#8243; use_custom_gutter=&#8220;on&#8220; make_equal=&#8220;on&#8220; _builder_version=&#8220;4.27.4&#8243; width=&#8220;100%&#8220; max_width=&#8220;100%&#8220; custom_padding=&#8220;0px|0|0px|&#8220; use_custom_width=&#8220;on&#8220; width_unit=&#8220;off&#8220; custom_width_percent=&#8220;100%&#8220; global_colors_info=&#8220;{}&#8220;][et_pb_column type=&#8220;1_2&#8243; _builder_version=&#8220;4.16&#8243; custom_padding=&#8220;200px|4%|200px|8%&#8220; custom_padding_tablet=&#8220;60px|10%|60px|10%&#8220; custom_padding_phone=&#8220;60px|10%|60px|10%&#8220; custom_padding_last_edited=&#8220;on|tablet&#8220; global_colors_info=&#8220;{}&#8220; padding_tablet=&#8220;60px|10%|60px|10%&#8220; padding_last_edited=&#8220;on|tablet&#8220; custom_padding__hover=&#8220;|||&#8220; padding_phone=&#8220;60px|10%|60px|10%&#8220;][et_pb_text _builder_version=&#8220;4.24.0&#8243; text_font=&#8220;|600||on|||||&#8220; text_text_color=&#8220;#c2ab92&#8243; text_font_size=&#8220;17px&#8220; link_font=&#8220;|600|||||||&#8220; link_text_color=&#8220;#c2ab92&#8243; header_font=&#8220;|600|||||||&#8220; header_text_color=&#8220;#d8b571&#8243; header_3_font=&#8220;|700||on|||||&#8220; header_3_text_color=&#8220;#c2ab92&#8243; header_3_font_size=&#8220;16px&#8220; header_3_letter_spacing=&#8220;1px&#8220; background_layout=&#8220;dark&#8220; max_width=&#8220;600px&#8220; module_alignment=&#8220;left&#8220; custom_margin=&#8220;||20px|&#8220; locked=&#8220;off&#8220; global_colors_info=&#8220;{}&#8220;]<\/p>\n<p><span style=\"color: #c2ab92;\"><nav aria-label=\"breadcrumbs\" class=\"rank-math-breadcrumb\"><p><span class=\"last\">Home<\/span><\/p><\/nav><\/span><\/p>\n<p>[\/et_pb_text][et_pb_text _builder_version=&#8220;4.27.4&#8243; text_font=&#8220;||||||||&#8220; text_line_height=&#8220;1.8em&#8220; header_font=&#8220;Abel|700||on|||||&#8220; header_text_color=&#8220;#C5AD94&#8243; header_font_size=&#8220;20px&#8220; header_letter_spacing=&#8220;2px&#8220; header_line_height=&#8220;1.3em&#8220; header_2_font=&#8220;|||on|||||&#8220; header_2_text_color=&#8220;#000000&#8243; header_2_font_size=&#8220;50px&#8220; header_2_line_height=&#8220;1.3em&#8220; header_3_font=&#8220;||||||||&#8220; max_width=&#8220;600px&#8220; min_height=&#8220;35px&#8220; custom_margin=&#8220;||13px|||&#8220; header_font_size_tablet=&#8220;40px&#8220; header_font_size_phone=&#8220;18px&#8220; header_font_size_last_edited=&#8220;on|tablet&#8220; header_2_font_size_tablet=&#8220;40px&#8220; header_2_font_size_phone=&#8220;35px&#8220; header_2_font_size_last_edited=&#8220;on|desktop&#8220; locked=&#8220;off&#8220; global_colors_info=&#8220;{}&#8220;]<\/p>\n<h1>luxuri\u00f6ses Innendesign f\u00fcr ein ma\u00dfgeschneidertes Zuhause<\/h1>\n<p>[\/et_pb_text][et_pb_text _builder_version=&#8220;4.27.4&#8243; text_font=&#8220;||||||||&#8220; text_font_size=&#8220;20px&#8220; text_line_height=&#8220;1.8em&#8220; header_font=&#8220;|||on|||||&#8220; header_text_color=&#8220;#000000&#8243; header_font_size=&#8220;50px&#8220; header_line_height=&#8220;1.3em&#8220; header_2_font=&#8220;|||on|||||&#8220; header_2_text_color=&#8220;#000000&#8243; header_2_font_size=&#8220;50px&#8220; header_2_line_height=&#8220;1.3em&#8220; header_3_font=&#8220;|600|||||||&#8220; header_3_text_color=&#8220;#40BFB9&#8243; max_width=&#8220;600px&#8220; custom_padding=&#8220;||0px|||&#8220; header_font_tablet=&#8220;|||on|||||&#8220; header_font_phone=&#8220;|||on|||||&#8220; header_font_last_edited=&#8220;on|phone&#8220; header_font_size_tablet=&#8220;40px&#8220; header_font_size_phone=&#8220;35px&#8220; header_font_size_last_edited=&#8220;on|phone&#8220; locked=&#8220;off&#8220; global_colors_info=&#8220;{}&#8220;]<\/p>\n<h2><span style=\"color: #c5ad94;\"><span style=\"color: #000000;\">Von der<\/span> luxuri\u00f6sen<\/span> <span style=\"color: #c5ad94;\">Inneneinrichtung<\/span>bis zum <span style=\"color: #c5ad94;\">luxuri\u00f6sen<\/span> <span style=\"color: #c5ad94;\">Wohndesign<\/span> <\/h2>\n<p>Das <em>luxuri\u00f6se Innendesign<\/em> von FONTANA Milano 1928 ist ein <strong>Fest der Exzellenz<\/strong>, bei dem \u00c4sthetik, Funktionalit\u00e4t und stilistische Forschung in Projekten f\u00fcr Wohnr\u00e4ume mit einzigartigem Charme zusammengef\u00fchrt werden. In diesem Sinne sind die Umgebungen von FONTANA Milano 1928 als eine <strong>emotionale Reise<\/strong> konzipiert, bei der jede Komponente auf harmonische Weise mit den anderen in Dialog tritt und die Pers\u00f6nlichkeit derjenigen unterstreicht, die diese R\u00e4ume bewohnen werden. Das Ergebnis ist eine <strong>Symphonie aus Sch\u00f6nheit, Eleganz und Komfort<\/strong>, die Luxus-Innenarchitektur in <em>Luxus-Wohndesign<\/em> verwandelt: ein wahrer &#8218;Lebensraum&#8216; nach Ma\u00df f\u00fcr den Kunden.  <\/p>\n<p>FONTANA Milano 1928 setzt mit Begeisterung auf<strong>Innovation<\/strong> und integriert modernste Technologien und L\u00f6sungen in seine Projekte. Die Synergie zwischen Tradition und Moderne wird durch den<strong>Einsatz der neuesten Generation von Domotiksystemen<\/strong> realisiert, die den Komfort erh\u00f6hen und die Energieeffizienz optimieren, ohne die Harmonie der Umgebung zu beeintr\u00e4chtigen. Anpassbare LED-Beleuchtung, intelligente Klimasteuerungen und nachhaltige Materialien bilden eine <strong>neue Grenze der luxuri\u00f6sen Inneneinrichtung<\/strong>, die aufmerksamer gegen\u00fcber der Umwelt und den Menschen ist.  <\/p>\n<p>[\/et_pb_text][et_pb_button button_url=&#8220;https:\/\/fontana1928.it\/de\/ueber-uns\/&#8220; button_text=&#8220;WER WIR SIND&#8220; _builder_version=&#8220;4.27.3&#8243; custom_button=&#8220;on&#8220; button_text_size=&#8220;16px&#8220; button_text_color=&#8220;#FFFFFF&#8220; button_bg_color=&#8220;#000000&#8243; button_border_width=&#8220;2px&#8220; button_border_color=&#8220;#000000&#8243; button_border_radius=&#8220;0px&#8220; button_letter_spacing=&#8220;2px&#8220; button_font=&#8220;|600||on|||||&#8220; background_layout=&#8220;dark&#8220; custom_padding=&#8220;10px||10px|&#8220; button_letter_spacing_hover=&#8220;2px&#8220; locked=&#8220;off&#8220; global_colors_info=&#8220;{}&#8220; button_text_size__hover_enabled=&#8220;off&#8220; button_one_text_size__hover_enabled=&#8220;off&#8220; button_two_text_size__hover_enabled=&#8220;off&#8220; button_text_color__hover_enabled=&#8220;off&#8220; button_one_text_color__hover_enabled=&#8220;off&#8220; button_two_text_color__hover_enabled=&#8220;off&#8220; button_border_width__hover_enabled=&#8220;off&#8220; button_one_border_width__hover_enabled=&#8220;off&#8220; button_two_border_width__hover_enabled=&#8220;off&#8220; button_border_color__hover_enabled=&#8220;off&#8220; button_one_border_color__hover_enabled=&#8220;off&#8220; button_two_border_color__hover_enabled=&#8220;off&#8220; button_border_radius__hover_enabled=&#8220;off&#8220; button_one_border_radius__hover_enabled=&#8220;off&#8220; button_two_border_radius__hover_enabled=&#8220;off&#8220; button_letter_spacing__hover_enabled=&#8220;on&#8220; button_letter_spacing__hover=&#8220;2px&#8220; button_one_letter_spacing__hover_enabled=&#8220;off&#8220; button_two_letter_spacing__hover_enabled=&#8220;off&#8220; button_bg_color__hover_enabled=&#8220;off&#8220; button_one_bg_color__hover_enabled=&#8220;off&#8220; button_two_bg_color__hover_enabled=&#8220;off&#8220;][\/et_pb_button][et_pb_button button_url=&#8220;https:\/\/fontana1928.it\/de\/projekte\/&#8220; button_text=&#8220;Unsere Projekte  &#8220; _builder_version=&#8220;4.27.4&#8243; custom_button=&#8220;on&#8220; button_text_size=&#8220;16px&#8220; button_text_color=&#8220;#ffffff&#8220; button_bg_color=&#8220;#000000&#8243; button_border_width=&#8220;2px&#8220; button_border_color=&#8220;#000000&#8243; button_border_radius=&#8220;0px&#8220; button_letter_spacing=&#8220;2px&#8220; button_font=&#8220;|600||on|||||&#8220; background_layout=&#8220;dark&#8220; custom_padding=&#8220;10px||10px|&#8220; button_letter_spacing_hover=&#8220;2px&#8220; locked=&#8220;off&#8220; global_colors_info=&#8220;{}&#8220; button_text_size__hover_enabled=&#8220;off&#8220; button_one_text_size__hover_enabled=&#8220;off&#8220; button_two_text_size__hover_enabled=&#8220;off&#8220; button_text_color__hover_enabled=&#8220;off&#8220; button_one_text_color__hover_enabled=&#8220;off&#8220; button_two_text_color__hover_enabled=&#8220;off&#8220; button_border_width__hover_enabled=&#8220;off&#8220; button_one_border_width__hover_enabled=&#8220;off&#8220; button_two_border_width__hover_enabled=&#8220;off&#8220; button_border_color__hover_enabled=&#8220;off&#8220; button_one_border_color__hover_enabled=&#8220;off&#8220; button_two_border_color__hover_enabled=&#8220;off&#8220; button_border_radius__hover_enabled=&#8220;off&#8220; button_one_border_radius__hover_enabled=&#8220;off&#8220; button_two_border_radius__hover_enabled=&#8220;off&#8220; button_letter_spacing__hover_enabled=&#8220;on&#8220; button_letter_spacing__hover=&#8220;2px&#8220; button_one_letter_spacing__hover_enabled=&#8220;off&#8220; button_two_letter_spacing__hover_enabled=&#8220;off&#8220; button_bg_color__hover_enabled=&#8220;off&#8220; button_one_bg_color__hover_enabled=&#8220;off&#8220; button_two_bg_color__hover_enabled=&#8220;off&#8220;][\/et_pb_button][\/et_pb_column][et_pb_column type=&#8220;1_2&#8243; _builder_version=&#8220;4.27.4&#8243; background_color=&#8220;#121212&#8243; use_background_color_gradient=&#8220;on&#8220; background_color_gradient_stops=&#8220;rgba(18,18,18,0.5) 0%|rgba(48,48,48,0.59) 99%&#8220; background_color_gradient_overlays_image=&#8220;on&#8220; background_color_gradient_start=&#8220;rgba(18,18,18,0.5)&#8220; background_color_gradient_end=&#8220;#121212&#8243; background_image=&#8220;https:\/\/fontana1928.it\/wp-content\/uploads\/2025\/01\/luxury-interior-design-concept-faggeto-lario-vista-003.jpg&#8220; background_position=&#8220;bottom_right&#8220; custom_padding=&#8220;100px||100px|&#8220; custom_padding_tablet=&#8220;60px||60px|&#8220; custom_padding_phone=&#8220;60px||60px|&#8220; custom_padding_last_edited=&#8220;on|desktop&#8220; global_colors_info=&#8220;{}&#8220; padding_tablet=&#8220;60px||60px|&#8220; padding_last_edited=&#8220;on|desktop&#8220; custom_padding__hover=&#8220;|||&#8220; padding_phone=&#8220;60px||60px|&#8220;][et_pb_image src=&#8220;https:\/\/fontana1928.it\/wp-content\/uploads\/2025\/01\/luxury-interior-design-fontana-2.png&#8220; alt=&#8220;Luxuri\u00f6se Inneneinrichtung -FONTANA Milano 1928 &#8211; 2&#8243; title_text=&#8220;Luxuri\u00f6se Inneneinrichtung -FONTANA Milano 1928 &#8211; 2&#8243; align_tablet=&#8220;center&#8220; align_phone=&#8220;center&#8220; align_last_edited=&#8220;on|desktop&#8220; _builder_version=&#8220;4.27.4&#8243; max_width=&#8220;600px&#8220; max_width_tablet=&#8220;&#8220; max_width_phone=&#8220;&#8220; max_width_last_edited=&#8220;on|desktop&#8220; custom_margin=&#8220;|||-8%&#8220; custom_margin_tablet=&#8220;60px|60px|60px|60px&#8220; custom_margin_phone=&#8220;&#8220; custom_margin_last_edited=&#8220;on|desktop&#8220; custom_padding=&#8220;|||&#8220; animation_style=&#8220;slide&#8220; animation_direction=&#8220;right&#8220; animation_intensity_slide=&#8220;4%&#8220; animation_starting_opacity=&#8220;50%&#8220; box_shadow_style=&#8220;preset3&#8243; box_shadow_blur=&#8220;80px&#8220; global_colors_info=&#8220;{}&#8220;][\/et_pb_image][\/et_pb_column][\/et_pb_row][\/et_pb_section][et_pb_section fb_built=&#8220;1&#8243; _builder_version=&#8220;4.21.0&#8243; _module_preset=&#8220;default&#8220; custom_margin=&#8220;0px||||false|false&#8220; custom_padding=&#8220;0px||0px|0px|false|false&#8220; locked=&#8220;off&#8220; global_colors_info=&#8220;{}&#8220;][et_pb_row column_structure=&#8220;1_3,2_3&#8243; make_equal=&#8220;on&#8220; _builder_version=&#8220;4.27.4&#8243; width=&#8220;100%&#8220; max_width=&#8220;100%&#8220; custom_margin=&#8220;|||&#8220; custom_padding=&#8220;0px|20px|0px|||&#8220; use_custom_width=&#8220;on&#8220; width_unit=&#8220;off&#8220; custom_width_percent=&#8220;100%&#8220; global_colors_info=&#8220;{}&#8220;][et_pb_column type=&#8220;1_3&#8243; _builder_version=&#8220;4.27.4&#8243; use_background_color_gradient=&#8220;on&#8220; background_color_gradient_stops=&#8220;rgba(18,18,18,0.5) 0%|#121212 100%&#8220; background_color_gradient_overlays_image=&#8220;on&#8220; background_color_gradient_start=&#8220;rgba(18,18,18,0.5)&#8220; background_color_gradient_end=&#8220;#121212&#8243; background_image=&#8220;https:\/\/fontana1928.it\/wp-content\/uploads\/2025\/01\/luxury-interior-design-concept-faggeto-lario-vista-001.jpg&#8220; custom_padding=&#8220;100px||100px|&#8220; custom_padding_tablet=&#8220;60px||60px|&#8220; custom_padding_phone=&#8220;60px||60px|&#8220; custom_padding_last_edited=&#8220;on|tablet&#8220; global_colors_info=&#8220;{}&#8220; padding_tablet=&#8220;60px||60px|&#8220; padding_last_edited=&#8220;on|tablet&#8220; custom_padding__hover=&#8220;|||&#8220; padding_phone=&#8220;60px||60px|&#8220;][et_pb_image src=&#8220;https:\/\/fontana1928.it\/wp-content\/uploads\/2025\/01\/luxury-interior-design-concept-faggeto-lario-vista-001.jpg&#8220; title_text=&#8220;luxuri\u00f6ses innenarchitektur-konzept faggeto lario vista 001&#8243; align_tablet=&#8220;center&#8220; align_phone=&#8220;center&#8220; align_last_edited=&#8220;on|desktop&#8220; _builder_version=&#8220;4.27.4&#8243; max_width_last_edited=&#8220;off|desktop&#8220; module_alignment=&#8220;center&#8220; custom_margin=&#8220;|-10%||20%&#8220; custom_margin_tablet=&#8220;|10%||10%&#8220; custom_margin_phone=&#8220;&#8220; custom_margin_last_edited=&#8220;on|phone&#8220; custom_padding=&#8220;|||&#8220; animation_style=&#8220;slide&#8220; animation_direction=&#8220;right&#8220; animation_intensity_slide=&#8220;4%&#8220; animation_starting_opacity=&#8220;50%&#8220; box_shadow_style=&#8220;preset3&#8243; box_shadow_blur=&#8220;80px&#8220; global_colors_info=&#8220;{}&#8220;][\/et_pb_image][\/et_pb_column][et_pb_column type=&#8220;2_3&#8243; _builder_version=&#8220;4.24.0&#8243; background_color_gradient_start=&#8220;rgba(0,0,0,0.4)&#8220; background_color_gradient_end=&#8220;#000000&#8243; custom_padding=&#8220;100px|0%|100px|3%|false|false&#8220; custom_padding_tablet=&#8220;60px|10%|60px|10%&#8220; custom_padding_phone=&#8220;60px|10%|60px|10%&#8220; custom_padding_last_edited=&#8220;on|phone&#8220; global_colors_info=&#8220;{}&#8220; padding_tablet=&#8220;60px|10%|60px|10%&#8220; padding_last_edited=&#8220;on|phone&#8220; custom_padding__hover=&#8220;|||&#8220; padding_phone=&#8220;60px|10%|60px|10%&#8220;][et_pb_text _builder_version=&#8220;4.27.4&#8243; text_font=&#8220;||||||||&#8220; text_font_size=&#8220;20px&#8220; text_line_height=&#8220;1.8em&#8220; header_font=&#8220;||||||||&#8220; header_2_font=&#8220;|||on|||||&#8220; header_2_text_color=&#8220;#000000&#8243; header_2_font_size=&#8220;50px&#8220; header_2_line_height=&#8220;1.3em&#8220; header_3_font=&#8220;||||||||&#8220; max_width=&#8220;600px&#8220; custom_margin=&#8220;|-44px||||&#8220; custom_padding=&#8220;||0px|||&#8220; header_2_font_size_tablet=&#8220;40px&#8220; header_2_font_size_phone=&#8220;35px&#8220; header_2_font_size_last_edited=&#8220;on|phone&#8220; locked=&#8220;off&#8220; global_colors_info=&#8220;{}&#8220;]<\/p>\n<h2><span style=\"color: #c5ad94;\">Materialien<\/span>, <span style=\"color: #c5ad94;\">Stoffe<\/span>und <span style=\"color: #c5ad94;\">Beleuchtung<\/span>f\u00fcr<span style=\"color: #c5ad94;\">Designer-Innenr\u00e4ume<\/span><\/h2>\n<p>Die <strong>Wahl der Materialien<\/strong> ist einer der Grundpfeiler des luxuri\u00f6sen Innendesigns von FONTANA Milano 1928. Dank der profunden Kenntnis der Rohstoffe w\u00e4hlt das Unternehmen Edelmetalle und H\u00f6lzer, exklusive Oberfl\u00e4chen und Stoffe aus und schafft so <strong>ungew\u00f6hnliche Assoziationen, die Formen und Volumen versch\u00f6nern<\/strong>. Jedes Finish ist auf eine besonders raffinierte \u00c4sthetik ausgerichtet, ohne dabei Kompromisse bei Funktionalit\u00e4t und Haltbarkeit einzugehen. Das Engagement bei der Suche nach innovativen L\u00f6sungen f\u00fchrt zu einer Umgebung, die nicht nur das Auge erfreut, sondern auch<strong> einzigartige taktile und olfaktorische Eindr\u00fccke<\/strong> bietet.   <\/p>\n<p>Die handwerkliche Dimension, die dem Wesen von FONTANA Milano 1928 innewohnt, manifestiert sich auch in der Aufmerksamkeit, die der <em>individuellen Gestaltung<\/em> gewidmet wird. Jedes luxuri\u00f6se Einrichtungsprojekt entsteht in st\u00e4ndiger Interaktion mit dem Kunden, um dessen Geschmack, W\u00fcnsche und Bed\u00fcrfnisse voll und ganz zu ber\u00fccksichtigen. Dieser Austausch f\u00fchrt zu sehr pers\u00f6nlichen Vorschl\u00e4gen, bei denen die Umgebung gleicherma\u00dfen auf <strong>praktische Bed\u00fcrfnisse und sensorische Reize<\/strong> eingeht. Das Design beschr\u00e4nkt sich nicht nur auf ma\u00dfgeschneiderte M\u00f6bel, sondern umfasst auch eingehende Farbstudien, eine sorgf\u00e4ltige Auswahl der Beleuchtung und eine funktionale und einladende Raumgestaltung. Jede Komponente, vom einzelnen M\u00f6belst\u00fcck bis zum kleinsten dekorativen Detail, wird ausgew\u00e4hlt, um<strong> ein einzigartiges und unwiederholbares Gesamtbild<\/strong> zu schaffen. In diesem Sinne hat der Stil von FONTANA Milano 1928 die gro\u00dfe F\u00e4higkeit, seine Autorit\u00e4t zu bewahren, indem er den Geschmack des Kunden interpretiert.     <\/p>\n<p>[\/et_pb_text][\/et_pb_column][\/et_pb_row][\/et_pb_section][et_pb_section fb_built=&#8220;1&#8243; _builder_version=&#8220;4.21.0&#8243; _module_preset=&#8220;default&#8220; custom_margin=&#8220;0px||||false|false&#8220; custom_padding=&#8220;0px||0px|0px|false|false&#8220; locked=&#8220;off&#8220; global_colors_info=&#8220;{}&#8220;][et_pb_row column_structure=&#8220;1_3,2_3&#8243; make_equal=&#8220;on&#8220; _builder_version=&#8220;4.27.4&#8243; width=&#8220;100%&#8220; max_width=&#8220;100%&#8220; custom_margin=&#8220;|||&#8220; custom_padding=&#8220;0px|20px|0px|||&#8220; use_custom_width=&#8220;on&#8220; width_unit=&#8220;off&#8220; custom_width_percent=&#8220;100%&#8220; global_colors_info=&#8220;{}&#8220;][et_pb_column type=&#8220;1_3&#8243; _builder_version=&#8220;4.27.4&#8243; use_background_color_gradient=&#8220;on&#8220; background_color_gradient_stops=&#8220;rgba(18,18,18,0.5) 0%|#121212 100%&#8220; background_color_gradient_overlays_image=&#8220;on&#8220; background_color_gradient_start=&#8220;rgba(18,18,18,0.5)&#8220; background_color_gradient_end=&#8220;#121212&#8243; background_image=&#8220;https:\/\/fontana1928.it\/wp-content\/uploads\/2024\/11\/Progetto-interior-design-Villa-Veronica-Isola-di-Mahe-Seychelles-Fontana-Milano-1928-010.jpg&#8220; custom_padding=&#8220;100px||100px|&#8220; custom_padding_tablet=&#8220;60px||60px|&#8220; custom_padding_phone=&#8220;60px||60px|&#8220; custom_padding_last_edited=&#8220;on|tablet&#8220; global_colors_info=&#8220;{}&#8220; padding_tablet=&#8220;60px||60px|&#8220; padding_last_edited=&#8220;on|tablet&#8220; custom_padding__hover=&#8220;|||&#8220; padding_phone=&#8220;60px||60px|&#8220;][et_pb_image src=&#8220;https:\/\/fontana1928.it\/wp-content\/uploads\/2024\/11\/Progetto-interior-design-Villa-Veronica-Isola-di-Mahe-Seychelles-Fontana-Milano-1928-011.jpg&#8220; title_text=&#8220;Innenarchitekturprojekt &#8211; Villa Veronica &#8211; Insel Mahe &#8211; Seychellen &#8211; Fontana Milano 1928 011&#8243; align_tablet=&#8220;center&#8220; align_phone=&#8220;center&#8220; align_last_edited=&#8220;on|desktop&#8220; _builder_version=&#8220;4.27.4&#8243; max_width_last_edited=&#8220;off|desktop&#8220; module_alignment=&#8220;center&#8220; custom_margin=&#8220;|-10%||20%&#8220; custom_margin_tablet=&#8220;|10%||10%&#8220; custom_margin_phone=&#8220;&#8220; custom_margin_last_edited=&#8220;on|phone&#8220; custom_padding=&#8220;|||&#8220; animation_style=&#8220;slide&#8220; animation_direction=&#8220;right&#8220; animation_intensity_slide=&#8220;4%&#8220; animation_starting_opacity=&#8220;50%&#8220; box_shadow_style=&#8220;preset3&#8243; box_shadow_blur=&#8220;80px&#8220; global_colors_info=&#8220;{}&#8220;][\/et_pb_image][\/et_pb_column][et_pb_column type=&#8220;2_3&#8243; _builder_version=&#8220;4.27.4&#8243; background_color_gradient_start=&#8220;rgba(0,0,0,0.4)&#8220; background_color_gradient_end=&#8220;#000000&#8243; custom_padding=&#8220;100px|0%|100px|3%|false|false&#8220; custom_padding_tablet=&#8220;60px|10%|60px|10%&#8220; custom_padding_phone=&#8220;60px|10%|60px|10%&#8220; custom_padding_last_edited=&#8220;on|phone&#8220; global_colors_info=&#8220;{}&#8220; padding_tablet=&#8220;60px|10%|60px|10%&#8220; padding_last_edited=&#8220;on|phone&#8220; custom_padding__hover=&#8220;|||&#8220; padding_phone=&#8220;60px|10%|60px|10%&#8220;][et_pb_text _builder_version=&#8220;4.27.4&#8243; text_font=&#8220;||||||||&#8220; text_font_size=&#8220;20px&#8220; text_line_height=&#8220;1.8em&#8220; header_font=&#8220;||||||||&#8220; header_2_font=&#8220;|||on|||||&#8220; header_2_text_color=&#8220;#000000&#8243; header_2_font_size=&#8220;50px&#8220; header_2_line_height=&#8220;1.3em&#8220; header_3_font=&#8220;||||||||&#8220; max_width=&#8220;600px&#8220; custom_margin=&#8220;|-44px||||&#8220; header_2_font_size_tablet=&#8220;40px&#8220; header_2_font_size_phone=&#8220;35px&#8220; header_2_font_size_last_edited=&#8220;on|phone&#8220; locked=&#8220;off&#8220; global_colors_info=&#8220;{}&#8220;]<\/p>\n<h2><span style=\"color: #c5ad94;\"><span style=\"color: #000000;\">Ein<\/span> luxuri\u00f6ses<\/span> <span style=\"color: #c5ad94;\">Innendesign<\/span>, das mit dem <span style=\"color: #c5ad94;\">Exterieur<\/span> <span style=\"color: #c5ad94;\">im Dialog steht<\/span><\/h2>\n<p>Ein klares Unterscheidungsmerkmal des luxuri\u00f6sen Innendesigns von FONTANA Milano 1928 ist die Entschlossenheit, einen <strong>kontinuierlichen Dialog zwischen Innen und Au\u00dfen<\/strong> herzustellen. Die Umgebung (Terrassen, Veranden, G\u00e4rten usw.) wird immer kontextbezogen betrachtet und in die Entw\u00fcrfe integriert, um <strong>das Wohnerlebnis zu erweitern und die Natur zu umarmen.<\/strong> Der raffinierte Stil der Innenr\u00e4ume wird durch die Auswahl edler Materialien im Au\u00dfenbereich wieder aufgegriffen. Die h\u00e4usliche Umgebung wird durch die harmonische Verbindung von<strong> Architektur und Landschaft<\/strong> zu einem<strong> Ort des Wohlbefindens und der Kontemplation <\/strong>.   <\/p>\n<p>Die F\u00e4higkeit, jedes Zuhause in ein zeitloses Erlebnis zu verwandeln, ist vielleicht die Essenz des luxuri\u00f6sen Interior Designs von FONTANA Milano 1928. Der Stil der Marke zeichnet sich durch die Weisheit aus, hochwertige Materialien, handwerkliche F\u00e4higkeiten, die \u00fcber Generationen hinweg weitergegeben wurden, und einen Designansatz zu kombinieren, der auf st\u00e4ndige Weiterentwicklung ausgerichtet ist. Von den umh\u00fcllenden Innenr\u00e4umen bis hin zu den integrierten technologischen L\u00f6sungen und dem Dialog mit der \u00e4u\u00dferen Umgebung tr\u00e4gt jedes Detail dazu bei, <strong>eine Idee von intimem und nachhaltigem Luxus<\/strong> zu beschreiben.  <\/p>\n<ul><\/ul>\n<p>[\/et_pb_text][\/et_pb_column][\/et_pb_row][\/et_pb_section]<\/p>\n","protected":false},"excerpt":{"rendered":"<p><nav aria-label=\"breadcrumbs\" class=\"rank-math-breadcrumb\"><p><span class=\"last\">Home<\/span><\/p><\/nav>luxuri\u00f6ses Innendesign f\u00fcr ein ma\u00dfgeschneidertes ZuhauseVon der luxuri\u00f6sen Inneneinrichtungbis zum luxuri\u00f6sen Wohndesign Das luxuri\u00f6se Innendesign von FONTANA Milano 1928 ist ein Fest der Exzellenz, bei dem \u00c4sthetik, Funktionalit\u00e4t und stilistische Forschung in Projekten f\u00fcr Wohnr\u00e4ume mit einzigartigem Charme zusammengef\u00fchrt werden. In diesem Sinne sind die Umgebungen von FONTANA Milano 1928 als eine emotionale Reise konzipiert, [&hellip;]<\/p>\n","protected":false},"author":3,"featured_media":1720,"parent":0,"menu_order":0,"comment_status":"closed","ping_status":"closed","template":"","meta":{"_et_pb_use_builder":"on","_et_pb_old_content":"","_et_gb_content_width":"","footnotes":""},"class_list":["post-1817","page","type-page","status-publish","has-post-thumbnail","hentry"],"_links":{"self":[{"href":"https:\/\/fontana1928.it\/de\/wp-json\/wp\/v2\/pages\/1817","targetHints":{"allow":["GET"]}}],"collection":[{"href":"https:\/\/fontana1928.it\/de\/wp-json\/wp\/v2\/pages"}],"about":[{"href":"https:\/\/fontana1928.it\/de\/wp-json\/wp\/v2\/types\/page"}],"author":[{"embeddable":true,"href":"https:\/\/fontana1928.it\/de\/wp-json\/wp\/v2\/users\/3"}],"replies":[{"embeddable":true,"href":"https:\/\/fontana1928.it\/de\/wp-json\/wp\/v2\/comments?post=1817"}],"version-history":[{"count":9,"href":"https:\/\/fontana1928.it\/de\/wp-json\/wp\/v2\/pages\/1817\/revisions"}],"predecessor-version":[{"id":2085,"href":"https:\/\/fontana1928.it\/de\/wp-json\/wp\/v2\/pages\/1817\/revisions\/2085"}],"wp:featuredmedia":[{"embeddable":true,"href":"https:\/\/fontana1928.it\/de\/wp-json\/wp\/v2\/media\/1720"}],"wp:attachment":[{"href":"https:\/\/fontana1928.it\/de\/wp-json\/wp\/v2\/media?parent=1817"}],"curies":[{"name":"wp","href":"https:\/\/api.w.org\/{rel}","templated":true}]}}