{"id":1805,"date":"2023-04-12T15:09:52","date_gmt":"2023-04-12T13:09:52","guid":{"rendered":"https:\/\/fontana1928.dev2.sharenow.it\/ueber-uns\/"},"modified":"2025-08-01T16:15:45","modified_gmt":"2025-08-01T14:15:45","slug":"ueber-uns","status":"publish","type":"page","link":"https:\/\/fontana1928.it\/de\/ueber-uns\/","title":{"rendered":"\u00dcber uns"},"content":{"rendered":"<p>[et_pb_section fb_built=&#8220;1&#8243; admin_label=&#8220;Hero Section&#8220; _builder_version=&#8220;4.24.0&#8243; custom_padding=&#8220;0|0px|0px|0px&#8220; global_colors_info=&#8220;{}&#8220;][et_pb_row column_structure=&#8220;1_2,1_2&#8243; use_custom_gutter=&#8220;on&#8220; make_equal=&#8220;on&#8220; _builder_version=&#8220;4.27.4&#8243; width=&#8220;100%&#8220; max_width=&#8220;100%&#8220; custom_padding=&#8220;0px|0|0px|&#8220; use_custom_width=&#8220;on&#8220; width_unit=&#8220;off&#8220; custom_width_percent=&#8220;100%&#8220; global_colors_info=&#8220;{}&#8220;][et_pb_column type=&#8220;1_2&#8243; _builder_version=&#8220;4.16&#8243; custom_padding=&#8220;200px|4%|200px|8%&#8220; custom_padding_tablet=&#8220;60px|10%|60px|10%&#8220; custom_padding_phone=&#8220;60px|10%|60px|10%&#8220; custom_padding_last_edited=&#8220;on|tablet&#8220; global_colors_info=&#8220;{}&#8220; padding_tablet=&#8220;60px|10%|60px|10%&#8220; padding_last_edited=&#8220;on|tablet&#8220; custom_padding__hover=&#8220;|||&#8220; padding_phone=&#8220;60px|10%|60px|10%&#8220;][et_pb_text _builder_version=&#8220;4.27.2&#8243; text_font=&#8220;Abel|600||on|||||&#8220; text_text_color=&#8220;#c2ab92&#8243; text_font_size=&#8220;20px&#8220; text_letter_spacing=&#8220;1px&#8220; link_font=&#8220;|600|||||||&#8220; link_text_color=&#8220;#c2ab92&#8243; header_font=&#8220;|600|||||||&#8220; header_text_color=&#8220;#d8b571&#8243; header_3_font=&#8220;|700||on|||||&#8220; header_3_text_color=&#8220;#c2ab92&#8243; header_3_font_size=&#8220;16px&#8220; header_3_letter_spacing=&#8220;1px&#8220; background_layout=&#8220;dark&#8220; max_width=&#8220;600px&#8220; module_alignment=&#8220;left&#8220; custom_margin=&#8220;||20px|&#8220; locked=&#8220;off&#8220; global_colors_info=&#8220;{}&#8220;]<\/p>\n<p><span style=\"color: #c2ab92;\"><nav aria-label=\"breadcrumbs\" class=\"rank-math-breadcrumb\"><p><span class=\"last\">Home<\/span><\/p><\/nav><\/span><\/p>\n<p>[\/et_pb_text][et_pb_text _builder_version=&#8220;4.27.4&#8243; text_font=&#8220;||||||||&#8220; text_line_height=&#8220;1.8em&#8220; header_font=&#8220;Abel|700||on|||||&#8220; header_text_color=&#8220;#C5AD94&#8243; header_font_size=&#8220;20px&#8220; header_letter_spacing=&#8220;1px&#8220; header_line_height=&#8220;1.3em&#8220; header_2_font=&#8220;|||on|||||&#8220; header_2_text_color=&#8220;#000000&#8243; header_2_font_size=&#8220;50px&#8220; header_2_line_height=&#8220;1.3em&#8220; header_3_font=&#8220;||||||||&#8220; max_width=&#8220;600px&#8220; custom_margin=&#8220;||13px|||&#8220; header_font_size_tablet=&#8220;40px&#8220; header_font_size_phone=&#8220;18px&#8220; header_font_size_last_edited=&#8220;on|tablet&#8220; header_2_font_size_tablet=&#8220;40px&#8220; header_2_font_size_phone=&#8220;35px&#8220; header_2_font_size_last_edited=&#8220;on|desktop&#8220; locked=&#8220;off&#8220; global_colors_info=&#8220;{}&#8220;]<\/p>\n<h1>Fontana Milano 1928: Studio f\u00fcr Innenarchitektur<\/h1>\n<p>[\/et_pb_text][et_pb_text _builder_version=&#8220;4.27.4&#8243; text_font=&#8220;||||||||&#8220; text_font_size=&#8220;20px&#8220; text_line_height=&#8220;1.8em&#8220; header_font=&#8220;|||on|||||&#8220; header_text_color=&#8220;#000000&#8243; header_font_size=&#8220;50px&#8220; header_line_height=&#8220;1.3em&#8220; header_2_font=&#8220;|||on|||||&#8220; header_2_font_size=&#8220;50px&#8220; header_2_line_height=&#8220;1.3em&#8220; header_3_font=&#8220;||||||||&#8220; max_width=&#8220;600px&#8220; custom_margin_tablet=&#8220;&#8220; custom_margin_phone=&#8220;|0px||0px|false|false&#8220; custom_margin_last_edited=&#8220;on|phone&#8220; custom_padding=&#8220;|0px||0px|false|false&#8220; header_font_size_tablet=&#8220;40px&#8220; header_font_size_phone=&#8220;35px&#8220; header_font_size_last_edited=&#8220;on|phone&#8220; header_2_font_size_tablet=&#8220;50px&#8220; header_2_font_size_phone=&#8220;35px&#8220; header_2_font_size_last_edited=&#8220;on|phone&#8220; locked=&#8220;off&#8220; global_colors_info=&#8220;{}&#8220;]<\/p>\n<h2><span><span><span><span style=\"color: #c5ad94;\"><span style=\"color: #000000;\">Wir wurden geboren, um<\/span><span style=\"color: #000000;\">Leben<\/span> <span style=\"color: #000000;\">zu<\/span><span style=\"color: #000000;\">schaffen<\/span> <\/span><\/span><\/span><\/span><span style=\"color: #000000;\"><span style=\"color: #000000;\"><span style=\"color: #c5ad94;\">Umgebungen<\/span><\/span><span style=\"color: #000000;\">Ihrer <\/span><span style=\"color: #c5ad94;\">s<\/span><span style=\"color: #000000;\">jede<\/span><\/span><\/h2>\n<p class=\"p1\">Es war 1928, als Giovanni Fontana seine eigene Schneiderei f\u00fcr Strickwaren gr\u00fcndete, die im Laufe der <a href=\"https:\/\/fontana1928.it\/de\/geschichte\/\"><strong>im Laufe der Jahre zum<\/strong> <\/a><strong><a href=\"https:\/\/fontana1928.it\/de\/geschichte\/\">Haus der italienischen Haute Couture <\/a><\/strong>wurde, das in der ganzen Welt gesch\u00e4tzt wird.<\/p>\n<p>Heute ist <strong>FONTANA Milano 1928<\/strong> ein hochprofessionelles <strong>Studio f\u00fcr Innenarchitektur<\/strong>, das das stilistische Erbe der historischen Modemarke leidenschaftlich aufgreift und mit den Unternehmen der gro\u00dfen Industriegruppe, zu der es geh\u00f6rt, zusammenarbeitet: der <a href=\"https:\/\/www.gruppovalagussa.com\/\" target=\"_blank\" rel=\"noopener\"><strong>Valagussa Gruppe<\/strong><\/a>.<\/p>\n<p class=\"p1\">Das ist auch der Grund, warum FONTANA Milano 1928 viel mehr ist als nur ein &#8218;Ensemble&#8216; von Innenarchitekten, sondern vielmehr ein <strong> kreatives und umsetzungsstarkes &#8218;Atelier&#8216;, das aus sehr erfahrenen Architekten besteht.<\/strong><\/p>\n<p class=\"p1\">Je nach den auszuf\u00fchrenden Arbeiten, der Art des Kunden und der Art des von der Firma geforderten Beitrags ist FONTANA Milano 1928 nicht nur in der Lage, die organisatorischen, gestalterischen und ausf\u00fchrenden Anforderungen bestm\u00f6glich zu erf\u00fcllen, sondern hat auch die M\u00f6glichkeit, die Professionalit\u00e4t und den Beitrag der anderen Mitglieder der Gruppe in Anspruch zu nehmen, um <strong>die Arbeitsabl\u00e4ufe zu optimieren<\/strong> und Ergebnisse auf hohem Niveau zu erzielen.<\/p>\n<p>[\/et_pb_text][et_pb_button button_url=&#8220;https:\/\/fontana1928.it\/de\/projekte\/&#8220; button_text=&#8220;Projekte  &#8220; _builder_version=&#8220;4.27.4&#8243; custom_button=&#8220;on&#8220; button_text_size=&#8220;14px&#8220; button_text_color=&#8220;#ffffff&#8220; button_bg_color=&#8220;#000000&#8243; button_border_width=&#8220;2px&#8220; button_border_color=&#8220;#000000&#8243; button_border_radius=&#8220;0px&#8220; button_letter_spacing=&#8220;2px&#8220; button_font=&#8220;|600||on|||||&#8220; background_layout=&#8220;dark&#8220; custom_padding=&#8220;10px||10px|&#8220; button_letter_spacing_hover=&#8220;2px&#8220; locked=&#8220;off&#8220; global_colors_info=&#8220;{}&#8220; button_text_size__hover_enabled=&#8220;off&#8220; button_one_text_size__hover_enabled=&#8220;off&#8220; button_two_text_size__hover_enabled=&#8220;off&#8220; button_text_color__hover_enabled=&#8220;off&#8220; button_one_text_color__hover_enabled=&#8220;off&#8220; button_two_text_color__hover_enabled=&#8220;off&#8220; button_border_width__hover_enabled=&#8220;off&#8220; button_one_border_width__hover_enabled=&#8220;off&#8220; button_two_border_width__hover_enabled=&#8220;off&#8220; button_border_color__hover_enabled=&#8220;off&#8220; button_one_border_color__hover_enabled=&#8220;off&#8220; button_two_border_color__hover_enabled=&#8220;off&#8220; button_border_radius__hover_enabled=&#8220;off&#8220; button_one_border_radius__hover_enabled=&#8220;off&#8220; button_two_border_radius__hover_enabled=&#8220;off&#8220; button_letter_spacing__hover_enabled=&#8220;on&#8220; button_letter_spacing__hover=&#8220;2px&#8220; button_one_letter_spacing__hover_enabled=&#8220;off&#8220; button_two_letter_spacing__hover_enabled=&#8220;off&#8220; button_bg_color__hover_enabled=&#8220;off&#8220; button_one_bg_color__hover_enabled=&#8220;off&#8220; button_two_bg_color__hover_enabled=&#8220;off&#8220;][\/et_pb_button][\/et_pb_column][et_pb_column type=&#8220;1_2&#8243; _builder_version=&#8220;4.27.4&#8243; background_color=&#8220;#121212&#8243; use_background_color_gradient=&#8220;on&#8220; background_color_gradient_stops=&#8220;rgba(18,18,18,0.5) 0%|rgba(48,48,48,0.59) 99%&#8220; background_color_gradient_overlays_image=&#8220;on&#8220; background_color_gradient_start=&#8220;rgba(18,18,18,0.5)&#8220; background_color_gradient_end=&#8220;#121212&#8243; background_image=&#8220;https:\/\/fontana1928.it\/wp-content\/uploads\/2025\/01\/luxury-interior-design-fontana-1.png&#8220; background_position=&#8220;bottom_right&#8220; custom_padding=&#8220;100px||100px|&#8220; custom_padding_tablet=&#8220;60px||60px|&#8220; custom_padding_phone=&#8220;60px||60px|&#8220; custom_padding_last_edited=&#8220;on|desktop&#8220; global_colors_info=&#8220;{}&#8220; padding_tablet=&#8220;60px||60px|&#8220; padding_last_edited=&#8220;on|desktop&#8220; custom_padding__hover=&#8220;|||&#8220; padding_phone=&#8220;60px||60px|&#8220;][et_pb_image src=&#8220;https:\/\/fontana1928.it\/wp-content\/uploads\/2025\/01\/Studio-di-interior-design-FONTANA-Milano-1928-1.png&#8220; alt=&#8220;Studio f\u00fcr Innenarchitektur &#8211; FONTANA Mailand 1928 &#8211; 1&#8243; title_text=&#8220;Studio f\u00fcr Innenarchitektur &#8211; FONTANA Mailand 1928 &#8211; 1&#8243; align_tablet=&#8220;center&#8220; align_phone=&#8220;center&#8220; align_last_edited=&#8220;on|desktop&#8220; _builder_version=&#8220;4.27.4&#8243; max_width=&#8220;600px&#8220; max_width_tablet=&#8220;&#8220; max_width_phone=&#8220;&#8220; max_width_last_edited=&#8220;on|desktop&#8220; custom_margin=&#8220;|||-8%&#8220; custom_margin_tablet=&#8220;60px|60px|60px|60px&#8220; custom_margin_phone=&#8220;&#8220; custom_margin_last_edited=&#8220;on|desktop&#8220; custom_padding=&#8220;|||&#8220; animation_style=&#8220;slide&#8220; animation_direction=&#8220;right&#8220; animation_intensity_slide=&#8220;4%&#8220; animation_starting_opacity=&#8220;50%&#8220; box_shadow_style=&#8220;preset3&#8243; box_shadow_blur=&#8220;80px&#8220; global_colors_info=&#8220;{}&#8220;][\/et_pb_image][\/et_pb_column][\/et_pb_row][\/et_pb_section][et_pb_section fb_built=&#8220;1&#8243; admin_label=&#8220;About&#8220; _builder_version=&#8220;4.27.3&#8243; background_color=&#8220;#000000&#8243; width=&#8220;99.2%&#8220; custom_padding=&#8220;100px|0px|100px|0px&#8220; global_colors_info=&#8220;{}&#8220;][et_pb_row column_structure=&#8220;1_2,1_2&#8243; _builder_version=&#8220;4.27.2&#8243; max_width=&#8220;2560px&#8220; custom_margin=&#8220;||50px|&#8220; global_colors_info=&#8220;{}&#8220;][et_pb_column type=&#8220;1_2&#8243; _builder_version=&#8220;4.16&#8243; custom_padding=&#8220;|||&#8220; global_colors_info=&#8220;{}&#8220; custom_padding__hover=&#8220;|||&#8220;][et_pb_text _builder_version=&#8220;4.27.4&#8243; text_font=&#8220;||||||||&#8220; text_text_color=&#8220;#ffffff&#8220; text_font_size=&#8220;26px&#8220; text_line_height=&#8220;1.8em&#8220; header_font=&#8220;||||||||&#8220; header_2_font=&#8220;|600||on|||||&#8220; header_2_line_height=&#8220;1.8em&#8220; header_4_font=&#8220;Karla|700||on|||||&#8220; header_4_text_color=&#8220;rgba(255,255,255,0.4)&#8220; header_4_font_size=&#8220;13px&#8220; header_4_letter_spacing=&#8220;2px&#8220; header_4_line_height=&#8220;1.8em&#8220; background_layout=&#8220;dark&#8220; global_colors_info=&#8220;{}&#8220;]<\/p>\n<h2 data-sourcepos=\"1:1-1:86\" class=\"\">Fontana milano 1928: Architektur-Atelier <br \/>und Innenarchitektur-Studio  <\/h2>\n<p>[\/et_pb_text][\/et_pb_column][et_pb_column type=&#8220;1_2&#8243; _builder_version=&#8220;4.16&#8243; custom_padding=&#8220;|||&#8220; global_colors_info=&#8220;{}&#8220; custom_padding__hover=&#8220;|||&#8220;][et_pb_text _builder_version=&#8220;4.27.4&#8243; text_font=&#8220;||||||||&#8220; text_text_color=&#8220;rgba(255,255,255,0.7)&#8220; text_font_size=&#8220;20px&#8220; text_line_height=&#8220;1.8em&#8220; global_colors_info=&#8220;{}&#8220;]<\/p>\n<p><span style=\"color: #ffffff;\">FONTANA Milano 1928 ist ein Innenarchitekturb\u00fcro, das <strong>Architekten, Innenarchitekten, Modellbauer und bildende K\u00fcnstler <\/strong>zusammenbringt, um raffinierte, originelle und individuelle Umgebungen zu schaffen. Die Philosophie unseres Innenarchitekturb\u00fcros beruht <strong>auf dem Gleichgewicht zwischen traditioneller Handwerkskunst und technologischer Innovation<\/strong>, wobei zwei Aspekte im Vordergrund stehen:<strong>Eleganz<\/strong> und <strong>Nachhaltigkeit<\/strong>. <\/span><\/p>\n<p>[\/et_pb_text][\/et_pb_column][\/et_pb_row][et_pb_row column_structure=&#8220;1_3,1_3,1_3&#8243; _builder_version=&#8220;4.27.4&#8243; max_width=&#8220;2560px&#8220; custom_margin=&#8220;|auto|54px|auto||&#8220; locked=&#8220;off&#8220; global_colors_info=&#8220;{}&#8220;][et_pb_column type=&#8220;1_3&#8243; _builder_version=&#8220;4.27.4&#8243; custom_padding=&#8220;|||&#8220; link_option_url=&#8220;https:\/\/fontana1928.it\/de\/luxurioese-architektur\/&#8220; global_colors_info=&#8220;{}&#8220; custom_padding__hover=&#8220;|||&#8220;][et_pb_blurb title=&#8220;Luxuri\u00f6se Architektur&#8220; image=&#8220;https:\/\/fontana1928.it\/wp-content\/uploads\/2024\/11\/fontana-luxury-architecture.png&#8220; image_icon_width=&#8220;16%&#8220; _builder_version=&#8220;4.27.4&#8243; header_level=&#8220;h2&#8243; header_font=&#8220;Abel|700||on|||||&#8220; header_text_align=&#8220;center&#8220; header_text_color=&#8220;#FFFFFF&#8220; header_font_size=&#8220;26px&#8220; header_letter_spacing=&#8220;2px&#8220; header_line_height=&#8220;1.3em&#8220; body_font=&#8220;||||||||&#8220; body_text_color=&#8220;#FFFFFF&#8220; body_font_size=&#8220;18px&#8220; body_line_height=&#8220;1.8em&#8220; body_link_text_color=&#8220;#C2AB92&#8243; background_color=&#8220;#000000&#8243; text_orientation=&#8220;center&#8220; background_layout=&#8220;dark&#8220; custom_margin=&#8220;||||false|true&#8220; custom_padding=&#8220;30px|11px|30px|11px|true|true&#8220; animation=&#8220;off&#8220; box_shadow_style=&#8220;preset1&#8243; box_shadow_color=&#8220;#C5AD94&#8243; global_colors_info=&#8220;{}&#8220;]<\/p>\n<p>Unsere Projekte beginnen immer mit einer Analyse des <strong>Kontextes<\/strong>, vom Kontext, in den das Geb\u00e4ude passt, bis hin zu den Bed\u00fcrfnissen des Kunden, der den Raum bewohnt. Unser Vorschlag ist <strong>Luxusarchitektur<\/strong> auf hohem professionellem Niveau. <\/p>\n<p><a href=\"https:\/\/fontana1928.it\/de\/luxurioese-architektur\/\"><strong>Finden Sie mehr heraus<\/strong><\/a><\/p>\n<p>[\/et_pb_blurb][\/et_pb_column][et_pb_column type=&#8220;1_3&#8243; _builder_version=&#8220;4.27.4&#8243; custom_padding=&#8220;|||&#8220; link_option_url=&#8220;https:\/\/fontana1928.it\/de\/luxus-innenausstattung\/&#8220; global_colors_info=&#8220;{}&#8220; custom_padding__hover=&#8220;|||&#8220;][et_pb_blurb title=&#8220;Luxuri\u00f6se Innenarchitektur  &#8220; image=&#8220;https:\/\/fontana1928.it\/wp-content\/uploads\/2024\/11\/fontana-luxury-architecture-2.png&#8220; image_icon_width=&#8220;16%&#8220; _builder_version=&#8220;4.27.4&#8243; header_level=&#8220;h3&#8243; header_font=&#8220;Abel|700||on|||||&#8220; header_text_color=&#8220;#FFFFFF&#8220; header_font_size=&#8220;26px&#8220; header_letter_spacing=&#8220;2px&#8220; header_line_height=&#8220;1.3em&#8220; body_font=&#8220;||||||||&#8220; body_text_color=&#8220;#FFFFFF&#8220; body_font_size=&#8220;18px&#8220; body_line_height=&#8220;1.8em&#8220; body_link_text_color=&#8220;#C2AB92&#8243; background_color=&#8220;#000000&#8243; text_orientation=&#8220;center&#8220; background_layout=&#8220;dark&#8220; custom_padding=&#8220;30px|11px|30px|11px|true|true&#8220; animation=&#8220;off&#8220; box_shadow_style=&#8220;preset1&#8243; box_shadow_color=&#8220;#C5AD94&#8243; global_colors_info=&#8220;{}&#8220;]<\/p>\n<p>Unsere Idee ist das Ergebnis einer au\u00dfergew\u00f6hnlichen Mischung von Elementen: Stil, Forschung, Innovation, Nachhaltigkeit, Lebensqualit\u00e4t. Ein Destillat aus Know-how und Exzellenz, das der Kundenzufriedenheit gewidmet ist. <\/p>\n<p><a href=\"https:\/\/fontana1928.it\/de\/luxus-innenausstattung\/\"><strong>Finden Sie mehr heraus<\/strong><\/a><\/p>\n<p>[\/et_pb_blurb][\/et_pb_column][et_pb_column type=&#8220;1_3&#8243; _builder_version=&#8220;4.27.4&#8243; custom_padding=&#8220;|||&#8220; link_option_url=&#8220;https:\/\/fontana1928.it\/de\/dienstleistungen\/&#8220; global_colors_info=&#8220;{}&#8220; custom_padding__hover=&#8220;|||&#8220;][et_pb_blurb title=&#8220;Dienstleistungen&#8220; image=&#8220;https:\/\/fontana1928.it\/wp-content\/uploads\/2024\/11\/fontana-luxury-architecture-3.png&#8220; image_icon_width=&#8220;16%&#8220; _builder_version=&#8220;4.27.4&#8243; header_level=&#8220;h3&#8243; header_font=&#8220;Abel|700||on|||||&#8220; header_text_color=&#8220;#FFFFFF&#8220; header_font_size=&#8220;26px&#8220; header_letter_spacing=&#8220;2px&#8220; header_line_height=&#8220;1.3em&#8220; body_font=&#8220;||||||||&#8220; body_text_color=&#8220;#FFFFFF&#8220; body_font_size=&#8220;18px&#8220; body_line_height=&#8220;1.8em&#8220; body_link_text_color=&#8220;#C2AB92&#8243; background_color=&#8220;#000000&#8243; text_orientation=&#8220;center&#8220; background_layout=&#8220;dark&#8220; custom_padding=&#8220;30px|11px|30px|11px|true|true&#8220; animation=&#8220;off&#8220; box_shadow_style=&#8220;preset1&#8243; box_shadow_color=&#8220;#C5AD94&#8243; global_colors_info=&#8220;{}&#8220;]<\/p>\n<p>Wir stehen unseren Kunden mit absoluter Hingabe und hohem Fachwissen zur Verf\u00fcgung, um sie in allen Szenarien und Arbeitsphasen konzeptionell, gestalterisch und bei der Umsetzung zu beraten.<\/p>\n<p><a href=\"https:\/\/fontana1928.it\/de\/dienstleistungen\/\"><strong>Finden Sie mehr heraus<\/strong><\/a><\/p>\n<p>[\/et_pb_blurb][\/et_pb_column][\/et_pb_row][\/et_pb_section][et_pb_section fb_built=&#8220;1&#8243; _builder_version=&#8220;4.21.0&#8243; _module_preset=&#8220;default&#8220; custom_margin=&#8220;0px||||false|false&#8220; custom_padding=&#8220;0px||0px|0px|false|false&#8220; global_colors_info=&#8220;{}&#8220;][et_pb_row column_structure=&#8220;1_3,2_3&#8243; make_equal=&#8220;on&#8220; _builder_version=&#8220;4.27.4&#8243; width=&#8220;100%&#8220; max_width=&#8220;100%&#8220; custom_margin=&#8220;|||&#8220; custom_padding=&#8220;0px|20px|0px|||&#8220; use_custom_width=&#8220;on&#8220; width_unit=&#8220;off&#8220; custom_width_percent=&#8220;100%&#8220; global_colors_info=&#8220;{}&#8220;][et_pb_column type=&#8220;1_3&#8243; _builder_version=&#8220;4.27.4&#8243; use_background_color_gradient=&#8220;on&#8220; background_color_gradient_stops=&#8220;rgba(18,18,18,0.5) 0%|#121212 100%&#8220; background_color_gradient_overlays_image=&#8220;on&#8220; background_color_gradient_start=&#8220;rgba(18,18,18,0.5)&#8220; background_color_gradient_end=&#8220;#121212&#8243; background_image=&#8220;https:\/\/fontana1928.it\/wp-content\/uploads\/2025\/06\/studio-di-interior-design-fontana-1928.png&#8220; custom_padding=&#8220;100px||100px|&#8220; custom_padding_tablet=&#8220;60px||60px|&#8220; custom_padding_phone=&#8220;60px||60px|&#8220; custom_padding_last_edited=&#8220;on|tablet&#8220; global_colors_info=&#8220;{}&#8220; padding_tablet=&#8220;60px||60px|&#8220; padding_last_edited=&#8220;on|tablet&#8220; custom_padding__hover=&#8220;|||&#8220; padding_phone=&#8220;60px||60px|&#8220;][et_pb_image src=&#8220;https:\/\/fontana1928.it\/wp-content\/uploads\/2025\/06\/studio-di-interior-design-fontana-1928.png&#8220; alt=&#8220;Innenarchitektur Studio Fontana 1928&#8243; title_text=&#8220;Innenarchitektur Studio Fontana 1928&#8243; align_tablet=&#8220;center&#8220; align_phone=&#8220;center&#8220; align_last_edited=&#8220;on|desktop&#8220; _builder_version=&#8220;4.27.4&#8243; max_width_last_edited=&#8220;off|desktop&#8220; module_alignment=&#8220;center&#8220; custom_margin=&#8220;|-10%||20%&#8220; custom_margin_tablet=&#8220;|10%||10%&#8220; custom_margin_phone=&#8220;&#8220; custom_margin_last_edited=&#8220;on|phone&#8220; custom_padding=&#8220;|||&#8220; animation_style=&#8220;slide&#8220; animation_direction=&#8220;right&#8220; animation_intensity_slide=&#8220;4%&#8220; animation_starting_opacity=&#8220;50%&#8220; box_shadow_style=&#8220;preset3&#8243; box_shadow_blur=&#8220;80px&#8220; global_colors_info=&#8220;{}&#8220;][\/et_pb_image][\/et_pb_column][et_pb_column type=&#8220;2_3&#8243; _builder_version=&#8220;4.16&#8243; background_color_gradient_start=&#8220;rgba(0,0,0,0.4)&#8220; background_color_gradient_end=&#8220;#000000&#8243; custom_padding=&#8220;100px|8%|100px|4%&#8220; custom_padding_tablet=&#8220;60px|10%|60px|10%&#8220; custom_padding_phone=&#8220;60px|10%|60px|10%&#8220; custom_padding_last_edited=&#8220;on|phone&#8220; global_colors_info=&#8220;{}&#8220; padding_tablet=&#8220;60px|10%|60px|10%&#8220; padding_last_edited=&#8220;on|phone&#8220; custom_padding__hover=&#8220;|||&#8220; padding_phone=&#8220;60px|10%|60px|10%&#8220;][et_pb_text _builder_version=&#8220;4.27.4&#8243; text_font=&#8220;||||||||&#8220; text_line_height=&#8220;1.8em&#8220; header_font=&#8220;Abel|700||on|||||&#8220; header_text_color=&#8220;#C5AD94&#8243; header_font_size=&#8220;20px&#8220; header_letter_spacing=&#8220;2px&#8220; header_line_height=&#8220;1.3em&#8220; header_2_font=&#8220;Abel|700||on|||||&#8220; header_2_text_color=&#8220;#C5AD94&#8243; header_2_font_size=&#8220;20px&#8220; header_2_letter_spacing=&#8220;1px&#8220; header_2_line_height=&#8220;1.3em&#8220; header_3_font=&#8220;||||||||&#8220; max_width=&#8220;600px&#8220; custom_margin=&#8220;||13px|||&#8220; header_font_size_tablet=&#8220;40px&#8220; header_font_size_phone=&#8220;18px&#8220; header_font_size_last_edited=&#8220;on|tablet&#8220; header_2_font_size_tablet=&#8220;40px&#8220; header_2_font_size_phone=&#8220;35px&#8220; header_2_font_size_last_edited=&#8220;on|desktop&#8220; locked=&#8220;off&#8220; global_colors_info=&#8220;{}&#8220;]<\/p>\n<h2>Ein Innenarchitekturb\u00fcro mit einer unverwechselbaren Philosophie<\/h2>\n<p>[\/et_pb_text][et_pb_text _builder_version=&#8220;4.27.4&#8243; text_font=&#8220;||||||||&#8220; text_font_size=&#8220;20px&#8220; text_line_height=&#8220;1.8em&#8220; ul_line_height=&#8220;1.8em&#8220; header_font=&#8220;||||||||&#8220; header_line_height=&#8220;1.3em&#8220; header_2_font=&#8220;|||on|||||&#8220; header_2_text_color=&#8220;#000000&#8243; header_2_font_size=&#8220;50px&#8220; header_2_line_height=&#8220;1.3em&#8220; header_3_font=&#8220;|||on|||||&#8220; header_3_font_size=&#8220;50px&#8220; header_3_line_height=&#8220;1.3em&#8220; max_width=&#8220;600px&#8220; hover_enabled=&#8220;0&#8243; header_2_font_size_tablet=&#8220;40px&#8220; header_2_font_size_phone=&#8220;35px&#8220; header_2_font_size_last_edited=&#8220;on|phone&#8220; locked=&#8220;off&#8220; global_colors_info=&#8220;{}&#8220; sticky_enabled=&#8220;0&#8243;]<\/p>\n<h3><span style=\"color: #c5ad94;\">Zeitloser<\/span><span style=\"color: #c5ad94;\">Stil<\/span><br \/>und<span style=\"color: #c5ad94;\">avantgardistische<\/span> <span style=\"color: #c5ad94;\">Vision<\/span><\/h3>\n<p>FONTANA Milano 1928 entwickelt raffinierte und funktionelle Konzepte, die auf die <strong>Verbesserung der Lebensqualit\u00e4t<\/strong> abzielen, die Anforderungen der<strong>gr\u00fcnen Architektur<\/strong> respektieren und einen <strong>bewussten und nachhaltigen<\/strong> Ansatz bei der Wahl der Anwendungsl\u00f6sungen f\u00f6rdern.<\/p>\n<p>Jedes Projekt erforscht die Kultur des <strong>italienischen Designs<\/strong> und sucht nach der richtigen Kombination aus Harmonie und Sch\u00f6nheit, die sich in <strong>anspruchsvollen und zeitlosen Lebensr\u00e4umen<\/strong> materialisiert. Die klaren Linien, ausgewogenen Volumina und ma\u00dfgeschneiderten Details erinnern an <strong>die \u00e4sthetische Sprache, die die Marke in der Modewelt ausgezeichnet hat<\/strong>. Derselbe Stil spiegelt sich auch im Studio f\u00fcr Innenarchitektur wider: Jeder entworfene Raum erz\u00e4hlt eine Geschichte, in der Kunst und Funktionalit\u00e4t aufeinandertreffen, um<strong> einzigartige und unvergessliche Erfahrungen zu<\/strong> bieten.  <\/p>\n<p>FONTANA Milano 1928 hat es sich <strong>zur Aufgabe gemacht<\/strong>, das Konzept des Luxus aus einer modernen Perspektive neu zu interpretieren, indem es die italienische Handwerkskunst aufwertet und sie in R\u00e4ume \u00fcbertr\u00e4gt, die die Sinne ansprechen. Der<strong>nachhaltige Ansatz und die Vision<\/strong> unseres Innenarchitekturb\u00fcros zeigt sich nicht nur im <strong>Streben nach Energieeffizienz<\/strong>, sondern auch in der Schaffung von <strong>Umgebungen, die f\u00fcr das Wohlbefinden der Menschen konzipiert sind<\/strong>, mit besonderem Augenmerk auf die Qualit\u00e4t des Lichts, die Ergonomie und die bewusste Auswahl umweltfreundlicher Elemente. <\/p>\n<p>&nbsp;<\/p>\n<p>[\/et_pb_text][\/et_pb_column][\/et_pb_row][\/et_pb_section]<\/p>\n","protected":false},"excerpt":{"rendered":"<p><nav aria-label=\"breadcrumbs\" class=\"rank-math-breadcrumb\"><p><span class=\"last\">Home<\/span><\/p><\/nav>Fontana Milano 1928: Studio f\u00fcr InnenarchitekturWir wurden geboren, umLeben zuschaffen UmgebungenIhrer sjede Es war 1928, als Giovanni Fontana seine eigene Schneiderei f\u00fcr Strickwaren gr\u00fcndete, die im Laufe der im Laufe der Jahre zum Haus der italienischen Haute Couture wurde, das in der ganzen Welt gesch\u00e4tzt wird. Heute ist FONTANA Milano 1928 ein hochprofessionelles Studio f\u00fcr [&hellip;]<\/p>\n","protected":false},"author":3,"featured_media":1740,"parent":0,"menu_order":0,"comment_status":"closed","ping_status":"closed","template":"","meta":{"_et_pb_use_builder":"on","_et_pb_old_content":"","_et_gb_content_width":"","footnotes":""},"class_list":["post-1805","page","type-page","status-publish","has-post-thumbnail","hentry"],"_links":{"self":[{"href":"https:\/\/fontana1928.it\/de\/wp-json\/wp\/v2\/pages\/1805","targetHints":{"allow":["GET"]}}],"collection":[{"href":"https:\/\/fontana1928.it\/de\/wp-json\/wp\/v2\/pages"}],"about":[{"href":"https:\/\/fontana1928.it\/de\/wp-json\/wp\/v2\/types\/page"}],"author":[{"embeddable":true,"href":"https:\/\/fontana1928.it\/de\/wp-json\/wp\/v2\/users\/3"}],"replies":[{"embeddable":true,"href":"https:\/\/fontana1928.it\/de\/wp-json\/wp\/v2\/comments?post=1805"}],"version-history":[{"count":6,"href":"https:\/\/fontana1928.it\/de\/wp-json\/wp\/v2\/pages\/1805\/revisions"}],"predecessor-version":[{"id":2065,"href":"https:\/\/fontana1928.it\/de\/wp-json\/wp\/v2\/pages\/1805\/revisions\/2065"}],"wp:featuredmedia":[{"embeddable":true,"href":"https:\/\/fontana1928.it\/de\/wp-json\/wp\/v2\/media\/1740"}],"wp:attachment":[{"href":"https:\/\/fontana1928.it\/de\/wp-json\/wp\/v2\/media?parent=1805"}],"curies":[{"name":"wp","href":"https:\/\/api.w.org\/{rel}","templated":true}]}}